{"id":2549,"date":"2020-01-30T10:56:42","date_gmt":"2020-01-30T09:56:42","guid":{"rendered":"https:\/\/www.fasarelettronica.com\/professionelle-elektrooefen\/"},"modified":"2020-02-04T12:10:24","modified_gmt":"2020-02-04T11:10:24","slug":"professionelle-elektrooefen","status":"publish","type":"page","link":"https:\/\/www.fasarelettronica.com\/de\/professionelle-elektrooefen\/","title":{"rendered":"Professionelle Elektro\u00f6fen"},"content":{"rendered":"<div class=\"fusion-fullwidth fullwidth-box fusion-builder-row-1 nonhundred-percent-fullwidth non-hundred-percent-height-scrolling\" style=\"--awb-border-radius-top-left:0px;--awb-border-radius-top-right:0px;--awb-border-radius-bottom-right:0px;--awb-border-radius-bottom-left:0px;--awb-flex-wrap:wrap;\" ><div class=\"fusion-builder-row fusion-row\"><div class=\"fusion-layout-column fusion_builder_column fusion-builder-column-0 fusion_builder_column_2_3 2_3 fusion-two-third fusion-column-first\" style=\"--awb-bg-size:cover;--awb-margin-top:0px;--awb-margin-bottom:0px;width:65.3333%; margin-right: 4%;\"><div class=\"fusion-column-wrapper fusion-flex-column-wrapper-legacy\"><div class=\"fusion-title title fusion-title-1 fusion-sep-none fusion-title-text fusion-title-size-one\"><h1 class=\"fusion-title-heading title-heading-left fusion-responsive-typography-calculated\" style=\"margin:0;--fontSize:60;line-height:1.08;\"><h1 style=\"text-align: center;\" data-fontsize=\"60\" data-lineheight=\"64\">ELEKTRONISCHE STEUERSYSTEME F\u00dcR PROFESSIONELLE UND INDUSTRIELLE \u00d6FEN<\/h1><\/h1><\/div><div class=\"fusion-text fusion-text-1\"><p>Wir bieten professionellen Ofenherstellern eine einzige elektronische Ofensteuerung an, die in der Geb\u00e4ck- oder Pizzaversion erh\u00e4ltlich ist.<\/p>\n<p>Die zentrale Steuereinheit befindet sich auf der Grundplatine, auf der ein Mikroprozessor der neuesten Generation untergebracht ist, mit dem Sie Thermoelemente des Typs J zur Temperaturregelung im Garraum und im Dampfgarer \u00fcberwachen und die Relaisausg\u00e4nge f\u00fcr die Verwaltung aktivieren k\u00f6nnen Lasten, um die Echtzeituhr zu nutzen, um eine hochpr\u00e4zise Zeitbasis zu definieren.<\/p>\n<p>Das System besteht aus zwei Hauptmodulen: der Hauptplatine, einschlie\u00dflich der Einheit f\u00fcr die Verwaltung von Thermoelementen und der Benutzerschnittstellenkarte mit Tasten f\u00fcr manuelle Befehle LEDs, LED-Balken und Display zur Anzeige von Funktionen, akustischen Alarm- und Warnsignalen.<\/p>\n<p><strong><a href=\"\/pdf\/Scheda_tecnica_controllore_forno_pizzeria_FEGR043.pdf\" target=\"_blank\" rel=\"noopener noreferrer\">Code FEGR043 Elektronisches Steuerungssystem f\u00fcr Pizzeria\u00f6fen mit 13 Tasten Tastatur.<\/a><\/strong><\/p>\n<p><strong><a href=\"\/pdf\/Scheda_tecnica_controllore_forno_pasticceria_FEGR044.pdf\" target=\"_blank\" rel=\"noopener noreferrer\">Code FEGR044 Elektronisches Steuerungssystem f\u00fcr Konditorei mit 16 Tasten Tastatur.<\/a><\/strong><\/p>\n<p>Unsere technische Abteilung ist stets bem\u00fcht, die Anforderungen des Marktes zu erf\u00fcllen und steht f\u00fcr kundenspezifische Projekte zur Verf\u00fcgung.<\/p>\n<p><img decoding=\"async\" class=\"size-medium wp-image-1249 aligncenter\" src=\"https:\/\/www.fasarelettronica.com\/wp-content\/uploads\/2020\/01\/controllori_forni_professionali_pizza_pasticceria_fasar-300x169.png\" alt=\"\" width=\"300\" height=\"169\" srcset=\"https:\/\/www.fasarelettronica.com\/wp-content\/uploads\/2020\/01\/controllori_forni_professionali_pizza_pasticceria_fasar-200x113.png 200w, https:\/\/www.fasarelettronica.com\/wp-content\/uploads\/2020\/01\/controllori_forni_professionali_pizza_pasticceria_fasar-300x169.png 300w, https:\/\/www.fasarelettronica.com\/wp-content\/uploads\/2020\/01\/controllori_forni_professionali_pizza_pasticceria_fasar-400x225.png 400w, https:\/\/www.fasarelettronica.com\/wp-content\/uploads\/2020\/01\/controllori_forni_professionali_pizza_pasticceria_fasar-600x338.png 600w, https:\/\/www.fasarelettronica.com\/wp-content\/uploads\/2020\/01\/controllori_forni_professionali_pizza_pasticceria_fasar-768x432.png 768w, https:\/\/www.fasarelettronica.com\/wp-content\/uploads\/2020\/01\/controllori_forni_professionali_pizza_pasticceria_fasar-800x450.png 800w, https:\/\/www.fasarelettronica.com\/wp-content\/uploads\/2020\/01\/controllori_forni_professionali_pizza_pasticceria_fasar-1024x576.png 1024w, https:\/\/www.fasarelettronica.com\/wp-content\/uploads\/2020\/01\/controllori_forni_professionali_pizza_pasticceria_fasar-1200x675.png 1200w, https:\/\/www.fasarelettronica.com\/wp-content\/uploads\/2020\/01\/controllori_forni_professionali_pizza_pasticceria_fasar.png 1280w\" sizes=\"(max-width: 300px) 100vw, 300px\" \/><\/p>\n<\/div><div class=\"fusion-clearfix\"><\/div><\/div><\/div><div class=\"fusion-layout-column fusion_builder_column fusion-builder-column-1 fusion_builder_column_1_3 1_3 fusion-one-third fusion-column-last\" style=\"--awb-padding-top:5px;--awb-padding-right:20px;--awb-padding-bottom:5px;--awb-padding-left:20px;--awb-bg-color:rgba(234,234,234,0.42);--awb-bg-color-hover:rgba(234,234,234,0.42);--awb-bg-size:cover;--awb-border-color:#f2502b;--awb-border-left:3px;--awb-border-style:dotted;width:30.6666%;\"><div class=\"fusion-column-wrapper fusion-column-has-shadow fusion-flex-column-wrapper-legacy\"><div class=\"fusion-align-block\"><a class=\"fusion-button button-flat fusion-button-default-size button-default fusion-button-default button-1 fusion-button-default-span fusion-button-default-type\" style=\"--button-border-radius-top-left:0;--button-border-radius-top-right:0;--button-border-radius-bottom-right:0;--button-border-radius-bottom-left:0;width:calc(100%);\" target=\"_blank\" rel=\"noopener noreferrer\" href=\"\/pdf\/Catalogo_controllori_forni_fasar_rev01_2019_multilan.pdf\"><span class=\"fusion-button-text awb-button__text awb-button__text--default\">OFEN KATALOG<\/span><\/a><\/div><div class=\"fusion-sep-clear\"><\/div><div class=\"fusion-separator\" style=\"margin-left: auto;margin-right: auto;margin-top:10px;margin-bottom:10px;width:100%;max-width:20px;\"><\/div><div class=\"fusion-sep-clear\"><\/div><div class=\"fusion-text fusion-text-2\"><p style=\"text-align: center;\">Haben Sie eine schnelle Anfrage zu unseren Ofenprodukten? Mailen Sie uns hier:<\/p>\n<\/div><div class=\"fusion-content-boxes content-boxes columns row fusion-columns-1 fusion-columns-total-1 fusion-content-boxes-1 content-boxes-icon-with-title content-left\" style=\"--awb-hover-accent-color:#ceb19c;--awb-circle-hover-accent-color:#ceb19c;--awb-item-margin-bottom:40px;\" data-animationOffset=\"top-into-view\"><div style=\"--awb-backgroundcolor:transparent;\" class=\"fusion-column content-box-column content-box-column content-box-column-1 col-lg-12 col-md-12 col-sm-12 fusion-content-box-hover content-box-column-last content-box-column-last-in-row\"><div class=\"col content-box-wrapper content-wrapper link-area-link-icon icon-hover-animation-fade\" data-animationOffset=\"top-into-view\"><div class=\"fusion-clearfix\"><\/div><div class=\"content-container\">\n<div class=\"wpcf7 no-js\" id=\"wpcf7-f1642-o1\" lang=\"de-DE\" dir=\"ltr\" data-wpcf7-id=\"1642\">\n<div class=\"screen-reader-response\"><p role=\"status\" aria-live=\"polite\" aria-atomic=\"true\"><\/p> <ul><\/ul><\/div>\n<form action=\"\/de\/wp-json\/wp\/v2\/pages\/2549#wpcf7-f1642-o1\" method=\"post\" class=\"wpcf7-form init\" aria-label=\"Kontaktformular\" novalidate=\"novalidate\" data-status=\"init\">\n<fieldset class=\"hidden-fields-container\"><input type=\"hidden\" name=\"_wpcf7\" value=\"1642\" \/><input type=\"hidden\" name=\"_wpcf7_version\" value=\"6.1.2\" \/><input type=\"hidden\" name=\"_wpcf7_locale\" value=\"de_DE\" \/><input type=\"hidden\" name=\"_wpcf7_unit_tag\" value=\"wpcf7-f1642-o1\" \/><input type=\"hidden\" name=\"_wpcf7_container_post\" value=\"0\" \/><input type=\"hidden\" name=\"_wpcf7_posted_data_hash\" value=\"\" \/><input type=\"hidden\" name=\"_wpcf7dtx_version\" value=\"5.0.3\" \/><input type=\"hidden\" name=\"_wpcf7_recaptcha_response\" value=\"\" \/>\n<\/fieldset>\n<p><label> Ihr Name*<br \/>\n<span class=\"wpcf7-form-control-wrap\" data-name=\"your-name\"><input size=\"40\" maxlength=\"400\" class=\"wpcf7-form-control wpcf7-text wpcf7-validates-as-required\" aria-required=\"true\" aria-invalid=\"false\" value=\"\" type=\"text\" name=\"your-name\" \/><\/span> <\/label>\n<\/p>\n<p><label> Ihre E-Mail-Adresse*<br \/>\n<span class=\"wpcf7-form-control-wrap\" data-name=\"your-email\"><input size=\"40\" maxlength=\"400\" class=\"wpcf7-form-control wpcf7-email wpcf7-validates-as-required wpcf7-text wpcf7-validates-as-email\" aria-required=\"true\" aria-invalid=\"false\" value=\"\" type=\"email\" name=\"your-email\" \/><\/span> <\/label>\n<\/p>\n<p><label> Thema<br \/>\n<span class=\"wpcf7-form-control-wrap dynamictext-500\" data-name=\"dynamictext-500\"><input type=\"text\" name=\"dynamictext-500\" class=\"wpcf7-form-control wpcf7-text wpcf7dtx wpcf7dtx-text\" aria-invalid=\"false\" value=\"Professionelle Elektro\u00f6fen\"><\/span><br \/>\n<\/label>\n<\/p>\n<p><label> Ihre Nachricht<br \/>\n<span class=\"wpcf7-form-control-wrap\" data-name=\"your-message\"><textarea cols=\"40\" rows=\"10\" maxlength=\"2000\" class=\"wpcf7-form-control wpcf7-textarea\" aria-invalid=\"false\" name=\"your-message\"><\/textarea><\/span> <\/label>\n<\/p>\n<p><label> Attachments<br \/>\n<span class=\"wpcf7-form-control-wrap\" data-name=\"upload-file-328\"><input size=\"40\" class=\"wpcf7-form-control wpcf7-drag-n-drop-file d-none\" aria-invalid=\"false\" type=\"file\" multiple=\"multiple\" data-name=\"upload-file-328\" data-limit=\"10000000\" data-max=\"5\" data-id=\"1642\" data-version=\"free version 1.3.9.1\" accept=\".\" \/><\/span><br \/>\n<\/label>\n<\/p>\n<p><input class=\"wpcf7-form-control wpcf7-submit has-spinner\" type=\"submit\" value=\"Absenden\" \/>\n<\/p><div class=\"fusion-alert alert custom alert-custom fusion-alert-center wpcf7-response-output awb-alert-native-link-color alert-dismissable awb-alert-close-boxed\" style=\"--awb-border-size:1px;--awb-border-top-left-radius:0px;--awb-border-top-right-radius:0px;--awb-border-bottom-left-radius:0px;--awb-border-bottom-right-radius:0px;\" role=\"alert\"><div class=\"fusion-alert-content-wrapper\"><span class=\"fusion-alert-content\"><\/span><\/div><button type=\"button\" class=\"close toggle-alert\" data-dismiss=\"alert\" aria-label=\"Close\">&times;<\/button><\/div>\n<\/form>\n<\/div>\n<\/div><\/div><\/div><div class=\"fusion-clearfix\"><\/div><\/div><div class=\"fusion-clearfix\"><\/div><\/div><\/div><\/div><\/div>\n","protected":false},"excerpt":{"rendered":"","protected":false},"author":1,"featured_media":0,"parent":0,"menu_order":0,"comment_status":"closed","ping_status":"closed","template":"","meta":{"_monsterinsights_skip_tracking":false,"_monsterinsights_sitenote_active":false,"_monsterinsights_sitenote_note":"","_monsterinsights_sitenote_category":0,"_joinchat":[],"footnotes":""},"class_list":["post-2549","page","type-page","status-publish","hentry"],"yoast_head":"<!-- This site is optimized with the Yoast SEO plugin v26.1.1 - https:\/\/yoast.com\/wordpress\/plugins\/seo\/ -->\n<title>Steuerungen f\u00fcr professionelle \u00d6fen - Fasar Elettronica<\/title>\n<meta name=\"description\" content=\"Wir bieten professionellen Ofenherstellern einen Code an, der in den Versionen S\u00fc\u00dfwaren oder Pizzeria erh\u00e4ltlich ist. Das System besteht aus zwei Modulen\" \/>\n<meta name=\"robots\" content=\"index, follow, max-snippet:-1, max-image-preview:large, max-video-preview:-1\" \/>\n<link rel=\"canonical\" href=\"https:\/\/www.fasarelettronica.com\/de\/professionelle-elektrooefen\/\" \/>\n<meta property=\"og:locale\" content=\"de_DE\" \/>\n<meta property=\"og:type\" content=\"article\" \/>\n<meta property=\"og:title\" content=\"Steuerungen f\u00fcr professionelle \u00d6fen - Fasar Elettronica\" \/>\n<meta property=\"og:description\" content=\"Wir bieten professionellen Ofenherstellern einen Code an, der in den Versionen S\u00fc\u00dfwaren oder Pizzeria erh\u00e4ltlich ist. Das System besteht aus zwei Modulen\" \/>\n<meta property=\"og:url\" content=\"https:\/\/www.fasarelettronica.com\/de\/professionelle-elektrooefen\/\" \/>\n<meta property=\"og:site_name\" content=\"Fasar Elettronica\" \/>\n<meta property=\"article:modified_time\" content=\"2020-02-04T11:10:24+00:00\" \/>\n<meta property=\"og:image\" content=\"https:\/\/www.fasarelettronica.com\/wp-content\/uploads\/2020\/01\/controllori_forni_professionali_pizza_pasticceria_fasar-300x169.png\" \/>\n<meta name=\"twitter:card\" content=\"summary_large_image\" \/>\n<meta name=\"twitter:label1\" content=\"Gesch\u00e4tzte Lesezeit\" \/>\n\t<meta name=\"twitter:data1\" content=\"4\u00a0Minuten\" \/>\n<script type=\"application\/ld+json\" class=\"yoast-schema-graph\">{\"@context\":\"https:\/\/schema.org\",\"@graph\":[{\"@type\":\"WebPage\",\"@id\":\"https:\/\/www.fasarelettronica.com\/de\/professionelle-elektrooefen\/\",\"url\":\"https:\/\/www.fasarelettronica.com\/de\/professionelle-elektrooefen\/\",\"name\":\"Steuerungen f\u00fcr professionelle \u00d6fen - Fasar Elettronica\",\"isPartOf\":{\"@id\":\"https:\/\/www.fasarelettronica.com\/de\/#website\"},\"primaryImageOfPage\":{\"@id\":\"https:\/\/www.fasarelettronica.com\/de\/professionelle-elektrooefen\/#primaryimage\"},\"image\":{\"@id\":\"https:\/\/www.fasarelettronica.com\/de\/professionelle-elektrooefen\/#primaryimage\"},\"thumbnailUrl\":\"https:\/\/www.fasarelettronica.com\/wp-content\/uploads\/2020\/01\/controllori_forni_professionali_pizza_pasticceria_fasar-300x169.png\",\"datePublished\":\"2020-01-30T09:56:42+00:00\",\"dateModified\":\"2020-02-04T11:10:24+00:00\",\"description\":\"Wir bieten professionellen Ofenherstellern einen Code an, der in den Versionen S\u00fc\u00dfwaren oder Pizzeria erh\u00e4ltlich ist. Das System besteht aus zwei Modulen\",\"breadcrumb\":{\"@id\":\"https:\/\/www.fasarelettronica.com\/de\/professionelle-elektrooefen\/#breadcrumb\"},\"inLanguage\":\"de\",\"potentialAction\":[{\"@type\":\"ReadAction\",\"target\":[\"https:\/\/www.fasarelettronica.com\/de\/professionelle-elektrooefen\/\"]}]},{\"@type\":\"ImageObject\",\"inLanguage\":\"de\",\"@id\":\"https:\/\/www.fasarelettronica.com\/de\/professionelle-elektrooefen\/#primaryimage\",\"url\":\"https:\/\/www.fasarelettronica.com\/wp-content\/uploads\/2020\/01\/controllori_forni_professionali_pizza_pasticceria_fasar-300x169.png\",\"contentUrl\":\"https:\/\/www.fasarelettronica.com\/wp-content\/uploads\/2020\/01\/controllori_forni_professionali_pizza_pasticceria_fasar-300x169.png\"},{\"@type\":\"BreadcrumbList\",\"@id\":\"https:\/\/www.fasarelettronica.com\/de\/professionelle-elektrooefen\/#breadcrumb\",\"itemListElement\":[{\"@type\":\"ListItem\",\"position\":1,\"name\":\"Home\",\"item\":\"https:\/\/www.fasarelettronica.com\/de\/\"},{\"@type\":\"ListItem\",\"position\":2,\"name\":\"Professionelle Elektro\u00f6fen\"}]},{\"@type\":\"WebSite\",\"@id\":\"https:\/\/www.fasarelettronica.com\/de\/#website\",\"url\":\"https:\/\/www.fasarelettronica.com\/de\/\",\"name\":\"Fasar Elettronica\",\"description\":\"Regolatori di velocit\u00e0 e controllori per la refrigerazione\",\"potentialAction\":[{\"@type\":\"SearchAction\",\"target\":{\"@type\":\"EntryPoint\",\"urlTemplate\":\"https:\/\/www.fasarelettronica.com\/de\/?s={search_term_string}\"},\"query-input\":{\"@type\":\"PropertyValueSpecification\",\"valueRequired\":true,\"valueName\":\"search_term_string\"}}],\"inLanguage\":\"de\"}]}<\/script>\n<!-- \/ Yoast SEO plugin. -->","yoast_head_json":{"title":"Steuerungen f\u00fcr professionelle \u00d6fen - Fasar Elettronica","description":"Wir bieten professionellen Ofenherstellern einen Code an, der in den Versionen S\u00fc\u00dfwaren oder Pizzeria erh\u00e4ltlich ist. Das System besteht aus zwei Modulen","robots":{"index":"index","follow":"follow","max-snippet":"max-snippet:-1","max-image-preview":"max-image-preview:large","max-video-preview":"max-video-preview:-1"},"canonical":"https:\/\/www.fasarelettronica.com\/de\/professionelle-elektrooefen\/","og_locale":"de_DE","og_type":"article","og_title":"Steuerungen f\u00fcr professionelle \u00d6fen - Fasar Elettronica","og_description":"Wir bieten professionellen Ofenherstellern einen Code an, der in den Versionen S\u00fc\u00dfwaren oder Pizzeria erh\u00e4ltlich ist. Das System besteht aus zwei Modulen","og_url":"https:\/\/www.fasarelettronica.com\/de\/professionelle-elektrooefen\/","og_site_name":"Fasar Elettronica","article_modified_time":"2020-02-04T11:10:24+00:00","og_image":[{"url":"https:\/\/www.fasarelettronica.com\/wp-content\/uploads\/2020\/01\/controllori_forni_professionali_pizza_pasticceria_fasar-300x169.png","type":"","width":"","height":""}],"twitter_card":"summary_large_image","twitter_misc":{"Gesch\u00e4tzte Lesezeit":"4\u00a0Minuten"},"schema":{"@context":"https:\/\/schema.org","@graph":[{"@type":"WebPage","@id":"https:\/\/www.fasarelettronica.com\/de\/professionelle-elektrooefen\/","url":"https:\/\/www.fasarelettronica.com\/de\/professionelle-elektrooefen\/","name":"Steuerungen f\u00fcr professionelle \u00d6fen - Fasar Elettronica","isPartOf":{"@id":"https:\/\/www.fasarelettronica.com\/de\/#website"},"primaryImageOfPage":{"@id":"https:\/\/www.fasarelettronica.com\/de\/professionelle-elektrooefen\/#primaryimage"},"image":{"@id":"https:\/\/www.fasarelettronica.com\/de\/professionelle-elektrooefen\/#primaryimage"},"thumbnailUrl":"https:\/\/www.fasarelettronica.com\/wp-content\/uploads\/2020\/01\/controllori_forni_professionali_pizza_pasticceria_fasar-300x169.png","datePublished":"2020-01-30T09:56:42+00:00","dateModified":"2020-02-04T11:10:24+00:00","description":"Wir bieten professionellen Ofenherstellern einen Code an, der in den Versionen S\u00fc\u00dfwaren oder Pizzeria erh\u00e4ltlich ist. Das System besteht aus zwei Modulen","breadcrumb":{"@id":"https:\/\/www.fasarelettronica.com\/de\/professionelle-elektrooefen\/#breadcrumb"},"inLanguage":"de","potentialAction":[{"@type":"ReadAction","target":["https:\/\/www.fasarelettronica.com\/de\/professionelle-elektrooefen\/"]}]},{"@type":"ImageObject","inLanguage":"de","@id":"https:\/\/www.fasarelettronica.com\/de\/professionelle-elektrooefen\/#primaryimage","url":"https:\/\/www.fasarelettronica.com\/wp-content\/uploads\/2020\/01\/controllori_forni_professionali_pizza_pasticceria_fasar-300x169.png","contentUrl":"https:\/\/www.fasarelettronica.com\/wp-content\/uploads\/2020\/01\/controllori_forni_professionali_pizza_pasticceria_fasar-300x169.png"},{"@type":"BreadcrumbList","@id":"https:\/\/www.fasarelettronica.com\/de\/professionelle-elektrooefen\/#breadcrumb","itemListElement":[{"@type":"ListItem","position":1,"name":"Home","item":"https:\/\/www.fasarelettronica.com\/de\/"},{"@type":"ListItem","position":2,"name":"Professionelle Elektro\u00f6fen"}]},{"@type":"WebSite","@id":"https:\/\/www.fasarelettronica.com\/de\/#website","url":"https:\/\/www.fasarelettronica.com\/de\/","name":"Fasar Elettronica","description":"Regolatori di velocit\u00e0 e controllori per la refrigerazione","potentialAction":[{"@type":"SearchAction","target":{"@type":"EntryPoint","urlTemplate":"https:\/\/www.fasarelettronica.com\/de\/?s={search_term_string}"},"query-input":{"@type":"PropertyValueSpecification","valueRequired":true,"valueName":"search_term_string"}}],"inLanguage":"de"}]}},"_links":{"self":[{"href":"https:\/\/www.fasarelettronica.com\/de\/wp-json\/wp\/v2\/pages\/2549","targetHints":{"allow":["GET"]}}],"collection":[{"href":"https:\/\/www.fasarelettronica.com\/de\/wp-json\/wp\/v2\/pages"}],"about":[{"href":"https:\/\/www.fasarelettronica.com\/de\/wp-json\/wp\/v2\/types\/page"}],"author":[{"embeddable":true,"href":"https:\/\/www.fasarelettronica.com\/de\/wp-json\/wp\/v2\/users\/1"}],"replies":[{"embeddable":true,"href":"https:\/\/www.fasarelettronica.com\/de\/wp-json\/wp\/v2\/comments?post=2549"}],"version-history":[{"count":4,"href":"https:\/\/www.fasarelettronica.com\/de\/wp-json\/wp\/v2\/pages\/2549\/revisions"}],"predecessor-version":[{"id":2777,"href":"https:\/\/www.fasarelettronica.com\/de\/wp-json\/wp\/v2\/pages\/2549\/revisions\/2777"}],"wp:attachment":[{"href":"https:\/\/www.fasarelettronica.com\/de\/wp-json\/wp\/v2\/media?parent=2549"}],"curies":[{"name":"wp","href":"https:\/\/api.w.org\/{rel}","templated":true}]}}