{"id":3540,"date":"2024-07-26T19:18:06","date_gmt":"2024-07-26T17:18:06","guid":{"rendered":"https:\/\/www.fasarelettronica.com\/?page_id=3540"},"modified":"2025-07-14T15:01:20","modified_gmt":"2025-07-14T13:01:20","slug":"dreiphasige-schaltschranke","status":"publish","type":"page","link":"https:\/\/www.fasarelettronica.com\/de\/dreiphasige-schaltschranke\/","title":{"rendered":"Dreiphasige Schaltschr\u00e4nke"},"content":{"rendered":"<p><div class=\"fusion-fullwidth fullwidth-box fusion-builder-row-1 nonhundred-percent-fullwidth non-hundred-percent-height-scrolling\" style=\"--awb-border-radius-top-left:0px;--awb-border-radius-top-right:0px;--awb-border-radius-bottom-right:0px;--awb-border-radius-bottom-left:0px;--awb-flex-wrap:wrap;\" ><div class=\"fusion-builder-row fusion-row\"><div class=\"fusion-layout-column fusion_builder_column fusion-builder-column-0 fusion_builder_column_2_3 2_3 fusion-two-third fusion-column-first\" style=\"--awb-bg-size:cover;--awb-margin-top:0px;--awb-margin-bottom:0px;width:65.3333%; margin-right: 4%;\"><div class=\"fusion-column-wrapper fusion-flex-column-wrapper-legacy\"><div class=\"fusion-title title fusion-title-1 fusion-sep-none fusion-title-text fusion-title-size-one\"><h1 class=\"fusion-title-heading title-heading-left fusion-responsive-typography-calculated\" style=\"margin:0;--fontSize:60;line-height:1.08;\"><h2 style=\"text-align: center;\"><em>AIR SMART CONTROLLER<\/em><br \/>\nIntelligente Bedienfelder f\u00fcr Luftansaug- und Luftaustauschsysteme<\/h2>\n<p><img decoding=\"async\" class=\"size-full wp-image-1666 aligncenter\" src=\"https:\/\/www.fasar.it\/wp-content\/uploads\/2024\/06\/FE1072.jpg\" alt=\"\" width=\"689\" height=\"410\" \/><\/p><\/h1><\/div><div class=\"fusion-text fusion-text-1\"><p style=\"text-align: justify;\">Besonders <em>interessant und innovativ<\/em> ist die Reihe der <em>AIR SMART CONTROLLER<\/em>-Panels zur Steuerung der Absaugsysteme von Profi- und Industriek\u00fcchen, da sie \u00fcber ein effizientes elektronisches Steuerungssystem verf\u00fcgen, mit dem Sie den Luftanteil auf einfache und intuitive Weise programmieren k\u00f6nnen &#8211; in die Umwelt freigesetzt wird, verglichen mit der Menge, die abgesaugt wird.<\/p>\n<p style=\"text-align: justify;\">Die Geschwindigkeit des Saugmotors wird manuell mit einem einfachen Potentiometer reguliert und der Prozentsatz der wieder in den Raum eingef\u00fchrten Luft richtet sich automatisch nach dem eingestellten Verh\u00e4ltnis zur angesaugten Luft. Auf diese Weise wird der korrekte Luftaustausch in der Arbeitsumgebung gew\u00e4hrleistet und ein leichter Unterdruck aufrechterhalten, der die Ausbreitung von Ger\u00fcchen in den umliegenden R\u00e4umen, in denen sich die G\u00e4ste aufhalten, verhindert.<\/p>\n<p style=\"text-align: justify;\">Da das <em>AIR SMART CONTROLLER<\/em>-System von einer \u201e<em>intelligenten<\/em>\u201c elektronischen Platine verwaltet wird, die mit einem Mikroprozessor und einer digitalen Anzeige ausgestattet ist, ist es einfach, die Steuerung so zu programmieren, dass sie allen Installationsanforderungen gerecht wird, die die Leistung des Systems basierend auf technischen und wirtschaftlichen Randbedingungen optimieren . Mit einem Kompensationssystem ist es m\u00f6glich, das Verh\u00e4ltnis zwischen der Durchflussmenge der angesaugten und der wieder in die Umgebung aufgenommenen Luft auf verschiedene Weise zu dimensionieren, zum Beispiel:<\/p>\n<ol>\n<li>\n<p style=\"text-align: justify;\">Saug- und Luftreintegrationsmotoren unterschiedlicher Leistung verwenden, sodass die jeweiligen F\u00f6rdermengen (unter Ber\u00fccksichtigung der Systemverluste) im gew\u00fcnschten Verh\u00e4ltnis stehen. Jeder Motor wird von einem eigenen Wechselrichter angetrieben und die beiden zuvor programmierten Wechselrichter werden von einem einzigen Potentiometer gesteuert, das die Geschwindigkeit und damit die Durchflussrate des Systems reguliert. Hierbei handelt es sich um eine einfache, aber starre Option, die w\u00e4hrend der Installation keine Anpassung des Ansaugluft-\/R\u00fcckluftverh\u00e4ltnisses erm\u00f6glicht, um unvorhergesehene Str\u00f6mungsverluste im System (in der Entwurfsphase oder w\u00e4hrend des Betriebs) auszugleichen, die zu Abweichungen oder inakzeptablen Verschlechterungen f\u00fchren in der Leistung im Vergleich zu Designdaten.<\/p>\n<\/li>\n<li>\n<p style=\"text-align: justify;\">Mit dem <em>AIR SMART CONTROLLER<\/em>-System ist es m\u00f6glich, identische Wechselrichter zu verwenden, die identische Motoren f\u00fcr die Luftansaugung und -reintegration steuern, oder, was wirtschaftlicher ist, die Auswahl an Wechselrichtern und Motoren ungef\u00e4hr entsprechend dem gew\u00fcnschten Verh\u00e4ltnis zu dimensionieren. In allen F\u00e4llen ist es immer m\u00f6glich und einfach, das Abluft-\/Zuluftverh\u00e4ltnis nach der Installation zu programmieren, um den Betrieb des Systems zu optimieren und eventuelle Druckverluste und\/oder unvorhergesehene Ereignisse im Zusammenhang mit der Konstruktion auszugleichen Auswertungen. Ein weiterer und nicht zu vernachl\u00e4ssigender Vorteil dieser Steuerung ist die M\u00f6glichkeit, eine verz\u00f6gerte automatische Abschaltung der Anlage mit programmierbaren Zeiten einzuf\u00fcgen.<\/p>\n<\/li>\n<\/ol>\n<p style=\"text-align: justify;\">Wie bereits erw\u00e4hnt, sind unsere in den Schalttafeln verwendeten Module <em>anpassbar<\/em> und <em>programmierbar<\/em> mit Funktionen und Parametern f\u00fcr bestimmte Branchen und Anwendungen, je nach den Anforderungen unserer Kunden: Ein Gespr\u00e4ch mit unserem technischen B\u00fcro wird alle Zweifel kl\u00e4ren. Die M\u00f6glichkeit, unsere Zentralen \u00fcber serielle Schnittstellen zu vernetzen, erweitert die Funktionalit\u00e4t des Systems, erm\u00f6glicht die Fernverwaltung und -\u00fcberwachung der Ger\u00e4te und erleichtert die \u201eDigitalisierung\u201c des Unternehmens mit allen daraus resultierenden Vorteilen, insbesondere im industriellen Bereich. Von besonderer Bedeutung ist die Effizienzsteigerung und die daraus resultierende Energieeinsparung durch die Automatisierung beim Betrieb gro\u00dfer Absaug-\/L\u00fcftungsanlagen: Durch die Kombination des Luftqualit\u00e4tssensormoduls mit unserem <em>AIR SMART CONTROLLER<\/em>-Panel ist es m\u00f6glich, den Betrieb der a zu optimieren System, das bei Bedarf und nur dann am besten funktioniert, wenn es ben\u00f6tigt wird.<\/p>\n<p><a href=\"https:\/\/www.fasar.it\/pdf\/Manuale_quadro_rev_00_05_2024.pdf\" target=\"_blank\" rel=\"noopener\">FE1072:Dreiphasen-Wechselrichter-Bedienfeld f\u00fcr Kompensationsanlagen<\/p>\n<\/div><div class=\"fusion-clearfix\"><\/div><\/div><\/div><div class=\"fusion-layout-column fusion_builder_column fusion-builder-column-1 fusion_builder_column_1_3 1_3 fusion-one-third fusion-column-last\" style=\"--awb-padding-top:5px;--awb-padding-right:20px;--awb-padding-bottom:5px;--awb-padding-left:20px;--awb-bg-color:rgba(234,234,234,0.42);--awb-bg-color-hover:rgba(234,234,234,0.42);--awb-bg-size:cover;--awb-border-color:#f2502b;--awb-border-left:3px;--awb-border-style:dotted;width:30.6666%;\"><div class=\"fusion-column-wrapper fusion-column-has-shadow fusion-flex-column-wrapper-legacy\"><div class=\"fusion-align-block\"><a class=\"fusion-button button-flat fusion-button-default-size button-default fusion-button-default button-1 fusion-button-default-span fusion-button-default-type\" style=\"--button-border-radius-top-left:0;--button-border-radius-top-right:0;--button-border-radius-bottom-right:0;--button-border-radius-bottom-left:0;width:calc(100%);\" target=\"_blank\" rel=\"noopener noreferrer\" href=\"\/pdf\/Frequenzumrichter_fur_drehstrommotoren.pdf\"><span class=\"fusion-button-text awb-button__text awb-button__text--default\">DREIPHASIGER KATALOG<\/span><\/a><\/div><div class=\"fusion-sep-clear\"><\/div><div class=\"fusion-separator\" style=\"margin-left: auto;margin-right: auto;margin-top:10px;margin-bottom:10px;width:100%;max-width:20px;\"><\/div><div class=\"fusion-sep-clear\"><\/div><div class=\"fusion-align-block\"><a class=\"fusion-button button-flat fusion-button-default-size button-default fusion-button-default button-2 fusion-button-default-span fusion-button-default-type\" style=\"--button-border-radius-top-left:0;--button-border-radius-top-right:0;--button-border-radius-bottom-right:0;--button-border-radius-bottom-left:0;width:calc(100%);\" target=\"_blank\" rel=\"noopener noreferrer\" href=\"\/pdf\/Drehzahlregler_fur_einphasenmotoren.pdf\"><span class=\"fusion-button-text awb-button__text awb-button__text--default\">EINPHASIGER KATALOG<\/span><\/a><\/div><div class=\"fusion-sep-clear\"><\/div><div class=\"fusion-separator\" style=\"margin-left: auto;margin-right: auto;margin-top:10px;margin-bottom:10px;width:100%;max-width:20px;\"><\/div><div class=\"fusion-sep-clear\"><\/div><div class=\"fusion-align-block\"><a class=\"fusion-button button-flat fusion-button-default-size button-default fusion-button-default button-3 fusion-button-default-span fusion-button-default-type\" style=\"--button-border-radius-top-left:0;--button-border-radius-top-right:0;--button-border-radius-bottom-right:0;--button-border-radius-bottom-left:0;width:calc(100%);\" target=\"_blank\" rel=\"noopener noreferrer\" href=\"\/pdf\/Autotransformer_speed_controllers.pdf\"><span class=\"fusion-button-text awb-button__text awb-button__text--default\">TRAFOREGLER KATALOG<\/span><\/a><\/div><div class=\"fusion-sep-clear\"><\/div><div class=\"fusion-separator\" style=\"margin-left: auto;margin-right: auto;margin-top:10px;margin-bottom:10px;width:100%;max-width:20px;\"><\/div><div class=\"fusion-sep-clear\"><\/div><div class=\"fusion-text fusion-text-2\"><p><\/a><\/p>\n<p style=\"text-align: center;\">Haben Sie eine schnelle Anfrage zu unseren Produkten f\u00fcr die L\u00fcftung? Mailen Sie uns hier:<\/p>\n<\/div><div class=\"fusion-content-boxes content-boxes columns row fusion-columns-1 fusion-columns-total-1 fusion-content-boxes-1 content-boxes-icon-with-title content-left\" style=\"--awb-hover-accent-color:#ceb19c;--awb-circle-hover-accent-color:#ceb19c;--awb-item-margin-bottom:40px;\" data-animationOffset=\"top-into-view\"><div style=\"--awb-backgroundcolor:transparent;\" class=\"fusion-column content-box-column content-box-column content-box-column-1 col-lg-12 col-md-12 col-sm-12 fusion-content-box-hover content-box-column-last content-box-column-last-in-row\"><div class=\"col content-box-wrapper content-wrapper link-area-link-icon icon-hover-animation-fade\" data-animationOffset=\"top-into-view\"><div class=\"fusion-clearfix\"><\/div><div class=\"content-container\">\n<div class=\"wpcf7 no-js\" id=\"wpcf7-f1642-o1\" lang=\"de-DE\" dir=\"ltr\" data-wpcf7-id=\"1642\">\n<div class=\"screen-reader-response\"><p role=\"status\" aria-live=\"polite\" aria-atomic=\"true\"><\/p> <ul><\/ul><\/div>\n<form action=\"\/de\/wp-json\/wp\/v2\/pages\/3540#wpcf7-f1642-o1\" method=\"post\" class=\"wpcf7-form init\" aria-label=\"Kontaktformular\" novalidate=\"novalidate\" data-status=\"init\">\n<fieldset class=\"hidden-fields-container\"><input type=\"hidden\" name=\"_wpcf7\" value=\"1642\" \/><input type=\"hidden\" name=\"_wpcf7_version\" value=\"6.1.2\" \/><input type=\"hidden\" name=\"_wpcf7_locale\" value=\"de_DE\" \/><input type=\"hidden\" name=\"_wpcf7_unit_tag\" value=\"wpcf7-f1642-o1\" \/><input type=\"hidden\" name=\"_wpcf7_container_post\" value=\"0\" \/><input type=\"hidden\" name=\"_wpcf7_posted_data_hash\" value=\"\" \/><input type=\"hidden\" name=\"_wpcf7dtx_version\" value=\"5.0.3\" \/><input type=\"hidden\" name=\"_wpcf7_recaptcha_response\" value=\"\" \/>\n<\/fieldset>\n<p><label> Ihr Name*<br \/>\n<span class=\"wpcf7-form-control-wrap\" data-name=\"your-name\"><input size=\"40\" maxlength=\"400\" class=\"wpcf7-form-control wpcf7-text wpcf7-validates-as-required\" aria-required=\"true\" aria-invalid=\"false\" value=\"\" type=\"text\" name=\"your-name\" \/><\/span> <\/label>\n<\/p>\n<p><label> Ihre E-Mail-Adresse*<br \/>\n<span class=\"wpcf7-form-control-wrap\" data-name=\"your-email\"><input size=\"40\" maxlength=\"400\" class=\"wpcf7-form-control wpcf7-email wpcf7-validates-as-required wpcf7-text wpcf7-validates-as-email\" aria-required=\"true\" aria-invalid=\"false\" value=\"\" type=\"email\" name=\"your-email\" \/><\/span> <\/label>\n<\/p>\n<p><label> Thema<br \/>\n<span class=\"wpcf7-form-control-wrap dynamictext-500\" data-name=\"dynamictext-500\"><input type=\"text\" name=\"dynamictext-500\" class=\"wpcf7-form-control wpcf7-text wpcf7dtx wpcf7dtx-text\" aria-invalid=\"false\" value=\"Dreiphasige Schaltschr\u00e4nke\"><\/span><br \/>\n<\/label>\n<\/p>\n<p><label> Ihre Nachricht<br \/>\n<span class=\"wpcf7-form-control-wrap\" data-name=\"your-message\"><textarea cols=\"40\" rows=\"10\" maxlength=\"2000\" class=\"wpcf7-form-control wpcf7-textarea\" aria-invalid=\"false\" name=\"your-message\"><\/textarea><\/span> <\/label>\n<\/p>\n<p><label> Attachments<br \/>\n<span class=\"wpcf7-form-control-wrap\" data-name=\"upload-file-328\"><input size=\"40\" class=\"wpcf7-form-control wpcf7-drag-n-drop-file d-none\" aria-invalid=\"false\" type=\"file\" multiple=\"multiple\" data-name=\"upload-file-328\" data-limit=\"10000000\" data-max=\"5\" data-id=\"1642\" data-version=\"free version 1.3.9.1\" accept=\".\" \/><\/span><br \/>\n<\/label>\n<\/p>\n<p><input class=\"wpcf7-form-control wpcf7-submit has-spinner\" type=\"submit\" value=\"Absenden\" \/>\n<\/p><div class=\"fusion-alert alert custom alert-custom fusion-alert-center wpcf7-response-output awb-alert-native-link-color alert-dismissable awb-alert-close-boxed\" style=\"--awb-border-size:1px;--awb-border-top-left-radius:0px;--awb-border-top-right-radius:0px;--awb-border-bottom-left-radius:0px;--awb-border-bottom-right-radius:0px;\" role=\"alert\"><div class=\"fusion-alert-content-wrapper\"><span class=\"fusion-alert-content\"><\/span><\/div><button type=\"button\" class=\"close toggle-alert\" data-dismiss=\"alert\" aria-label=\"Close\">&times;<\/button><\/div>\n<\/form>\n<\/div>\n<\/div><\/div><\/div><div class=\"fusion-clearfix\"><\/div><\/div><div class=\"fusion-clearfix\"><\/div><\/div><\/div><\/div><\/div><div class=\"fusion-fullwidth fullwidth-box fusion-builder-row-2 nonhundred-percent-fullwidth non-hundred-percent-height-scrolling\" style=\"--awb-border-radius-top-left:0px;--awb-border-radius-top-right:0px;--awb-border-radius-bottom-right:0px;--awb-border-radius-bottom-left:0px;--awb-flex-wrap:wrap;\" ><div class=\"fusion-builder-row fusion-row\"><div class=\"fusion-layout-column fusion_builder_column fusion-builder-column-2 fusion_builder_column_1_1 1_1 fusion-one-full fusion-column-first fusion-column-last\" style=\"--awb-bg-size:cover;\"><div class=\"fusion-column-wrapper fusion-column-has-shadow fusion-flex-column-wrapper-legacy\"><div class=\"fusion-clearfix\"><\/div><\/div><\/div><\/div><\/div><\/p>\n","protected":false},"excerpt":{"rendered":"","protected":false},"author":1,"featured_media":0,"parent":0,"menu_order":0,"comment_status":"closed","ping_status":"closed","template":"","meta":{"_monsterinsights_skip_tracking":false,"_monsterinsights_sitenote_active":false,"_monsterinsights_sitenote_note":"","_monsterinsights_sitenote_category":0,"_joinchat":[],"footnotes":""},"class_list":["post-3540","page","type-page","status-publish","hentry"],"yoast_head":"<!-- This site is optimized with the Yoast SEO plugin v26.1.1 - https:\/\/yoast.com\/wordpress\/plugins\/seo\/ -->\n<title>Dreiphasige Schaltschr\u00e4nke - Fasar Elettronica<\/title>\n<meta name=\"description\" content=\"Drehzahlregler f\u00fcr Dunstabzugshauben, zum Absaugen in Profik\u00fcchen, elektromechanische und Spartransformatorregler, Einphasenregler\" \/>\n<meta name=\"robots\" content=\"index, follow, max-snippet:-1, max-image-preview:large, max-video-preview:-1\" \/>\n<link rel=\"canonical\" href=\"https:\/\/www.fasarelettronica.com\/de\/dreiphasige-schaltschranke\/\" \/>\n<meta property=\"og:locale\" content=\"de_DE\" \/>\n<meta property=\"og:type\" content=\"article\" \/>\n<meta property=\"og:title\" content=\"Dreiphasige Schaltschr\u00e4nke - Fasar Elettronica\" \/>\n<meta property=\"og:description\" content=\"Drehzahlregler f\u00fcr Dunstabzugshauben, zum Absaugen in Profik\u00fcchen, elektromechanische und Spartransformatorregler, Einphasenregler\" \/>\n<meta property=\"og:url\" content=\"https:\/\/www.fasarelettronica.com\/de\/dreiphasige-schaltschranke\/\" \/>\n<meta property=\"og:site_name\" content=\"Fasar Elettronica\" \/>\n<meta property=\"article:modified_time\" content=\"2025-07-14T13:01:20+00:00\" \/>\n<meta property=\"og:image\" content=\"https:\/\/www.fasarelettronica.com\/wp-content\/uploads\/2019\/12\/fe230-tagliata.png\" \/>\n\t<meta property=\"og:image:width\" content=\"1821\" \/>\n\t<meta property=\"og:image:height\" content=\"1457\" \/>\n\t<meta property=\"og:image:type\" content=\"image\/png\" \/>\n<meta name=\"twitter:card\" content=\"summary_large_image\" \/>\n<meta name=\"twitter:label1\" content=\"Gesch\u00e4tzte Lesezeit\" \/>\n\t<meta name=\"twitter:data1\" content=\"3\u00a0Minuten\" \/>\n<script type=\"application\/ld+json\" class=\"yoast-schema-graph\">{\"@context\":\"https:\/\/schema.org\",\"@graph\":[{\"@type\":\"WebPage\",\"@id\":\"https:\/\/www.fasarelettronica.com\/de\/dreiphasige-schaltschranke\/\",\"url\":\"https:\/\/www.fasarelettronica.com\/de\/dreiphasige-schaltschranke\/\",\"name\":\"Dreiphasige Schaltschr\u00e4nke - Fasar Elettronica\",\"isPartOf\":{\"@id\":\"https:\/\/www.fasarelettronica.com\/de\/#website\"},\"primaryImageOfPage\":{\"@id\":\"https:\/\/www.fasarelettronica.com\/de\/dreiphasige-schaltschranke\/#primaryimage\"},\"image\":{\"@id\":\"https:\/\/www.fasarelettronica.com\/de\/dreiphasige-schaltschranke\/#primaryimage\"},\"thumbnailUrl\":\"https:\/\/www.fasar.it\/wp-content\/uploads\/2024\/06\/FE1072.jpg\",\"datePublished\":\"2024-07-26T17:18:06+00:00\",\"dateModified\":\"2025-07-14T13:01:20+00:00\",\"description\":\"Drehzahlregler f\u00fcr Dunstabzugshauben, zum Absaugen in Profik\u00fcchen, elektromechanische und Spartransformatorregler, Einphasenregler\",\"breadcrumb\":{\"@id\":\"https:\/\/www.fasarelettronica.com\/de\/dreiphasige-schaltschranke\/#breadcrumb\"},\"inLanguage\":\"de\",\"potentialAction\":[{\"@type\":\"ReadAction\",\"target\":[\"https:\/\/www.fasarelettronica.com\/de\/dreiphasige-schaltschranke\/\"]}]},{\"@type\":\"ImageObject\",\"inLanguage\":\"de\",\"@id\":\"https:\/\/www.fasarelettronica.com\/de\/dreiphasige-schaltschranke\/#primaryimage\",\"url\":\"https:\/\/www.fasar.it\/wp-content\/uploads\/2024\/06\/FE1072.jpg\",\"contentUrl\":\"https:\/\/www.fasar.it\/wp-content\/uploads\/2024\/06\/FE1072.jpg\"},{\"@type\":\"BreadcrumbList\",\"@id\":\"https:\/\/www.fasarelettronica.com\/de\/dreiphasige-schaltschranke\/#breadcrumb\",\"itemListElement\":[{\"@type\":\"ListItem\",\"position\":1,\"name\":\"Home\",\"item\":\"https:\/\/www.fasarelettronica.com\/de\/\"},{\"@type\":\"ListItem\",\"position\":2,\"name\":\"Dreiphasige Schaltschr\u00e4nke\"}]},{\"@type\":\"WebSite\",\"@id\":\"https:\/\/www.fasarelettronica.com\/de\/#website\",\"url\":\"https:\/\/www.fasarelettronica.com\/de\/\",\"name\":\"Fasar Elettronica\",\"description\":\"Regolatori di velocit\u00e0 e controllori per la refrigerazione\",\"potentialAction\":[{\"@type\":\"SearchAction\",\"target\":{\"@type\":\"EntryPoint\",\"urlTemplate\":\"https:\/\/www.fasarelettronica.com\/de\/?s={search_term_string}\"},\"query-input\":{\"@type\":\"PropertyValueSpecification\",\"valueRequired\":true,\"valueName\":\"search_term_string\"}}],\"inLanguage\":\"de\"}]}<\/script>\n<!-- \/ Yoast SEO plugin. -->","yoast_head_json":{"title":"Dreiphasige Schaltschr\u00e4nke - Fasar Elettronica","description":"Drehzahlregler f\u00fcr Dunstabzugshauben, zum Absaugen in Profik\u00fcchen, elektromechanische und Spartransformatorregler, Einphasenregler","robots":{"index":"index","follow":"follow","max-snippet":"max-snippet:-1","max-image-preview":"max-image-preview:large","max-video-preview":"max-video-preview:-1"},"canonical":"https:\/\/www.fasarelettronica.com\/de\/dreiphasige-schaltschranke\/","og_locale":"de_DE","og_type":"article","og_title":"Dreiphasige Schaltschr\u00e4nke - Fasar Elettronica","og_description":"Drehzahlregler f\u00fcr Dunstabzugshauben, zum Absaugen in Profik\u00fcchen, elektromechanische und Spartransformatorregler, Einphasenregler","og_url":"https:\/\/www.fasarelettronica.com\/de\/dreiphasige-schaltschranke\/","og_site_name":"Fasar Elettronica","article_modified_time":"2025-07-14T13:01:20+00:00","og_image":[{"width":1821,"height":1457,"url":"https:\/\/www.fasarelettronica.com\/wp-content\/uploads\/2019\/12\/fe230-tagliata.png","type":"image\/png"}],"twitter_card":"summary_large_image","twitter_misc":{"Gesch\u00e4tzte Lesezeit":"3\u00a0Minuten"},"schema":{"@context":"https:\/\/schema.org","@graph":[{"@type":"WebPage","@id":"https:\/\/www.fasarelettronica.com\/de\/dreiphasige-schaltschranke\/","url":"https:\/\/www.fasarelettronica.com\/de\/dreiphasige-schaltschranke\/","name":"Dreiphasige Schaltschr\u00e4nke - Fasar Elettronica","isPartOf":{"@id":"https:\/\/www.fasarelettronica.com\/de\/#website"},"primaryImageOfPage":{"@id":"https:\/\/www.fasarelettronica.com\/de\/dreiphasige-schaltschranke\/#primaryimage"},"image":{"@id":"https:\/\/www.fasarelettronica.com\/de\/dreiphasige-schaltschranke\/#primaryimage"},"thumbnailUrl":"https:\/\/www.fasar.it\/wp-content\/uploads\/2024\/06\/FE1072.jpg","datePublished":"2024-07-26T17:18:06+00:00","dateModified":"2025-07-14T13:01:20+00:00","description":"Drehzahlregler f\u00fcr Dunstabzugshauben, zum Absaugen in Profik\u00fcchen, elektromechanische und Spartransformatorregler, Einphasenregler","breadcrumb":{"@id":"https:\/\/www.fasarelettronica.com\/de\/dreiphasige-schaltschranke\/#breadcrumb"},"inLanguage":"de","potentialAction":[{"@type":"ReadAction","target":["https:\/\/www.fasarelettronica.com\/de\/dreiphasige-schaltschranke\/"]}]},{"@type":"ImageObject","inLanguage":"de","@id":"https:\/\/www.fasarelettronica.com\/de\/dreiphasige-schaltschranke\/#primaryimage","url":"https:\/\/www.fasar.it\/wp-content\/uploads\/2024\/06\/FE1072.jpg","contentUrl":"https:\/\/www.fasar.it\/wp-content\/uploads\/2024\/06\/FE1072.jpg"},{"@type":"BreadcrumbList","@id":"https:\/\/www.fasarelettronica.com\/de\/dreiphasige-schaltschranke\/#breadcrumb","itemListElement":[{"@type":"ListItem","position":1,"name":"Home","item":"https:\/\/www.fasarelettronica.com\/de\/"},{"@type":"ListItem","position":2,"name":"Dreiphasige Schaltschr\u00e4nke"}]},{"@type":"WebSite","@id":"https:\/\/www.fasarelettronica.com\/de\/#website","url":"https:\/\/www.fasarelettronica.com\/de\/","name":"Fasar Elettronica","description":"Regolatori di velocit\u00e0 e controllori per la refrigerazione","potentialAction":[{"@type":"SearchAction","target":{"@type":"EntryPoint","urlTemplate":"https:\/\/www.fasarelettronica.com\/de\/?s={search_term_string}"},"query-input":{"@type":"PropertyValueSpecification","valueRequired":true,"valueName":"search_term_string"}}],"inLanguage":"de"}]}},"_links":{"self":[{"href":"https:\/\/www.fasarelettronica.com\/de\/wp-json\/wp\/v2\/pages\/3540","targetHints":{"allow":["GET"]}}],"collection":[{"href":"https:\/\/www.fasarelettronica.com\/de\/wp-json\/wp\/v2\/pages"}],"about":[{"href":"https:\/\/www.fasarelettronica.com\/de\/wp-json\/wp\/v2\/types\/page"}],"author":[{"embeddable":true,"href":"https:\/\/www.fasarelettronica.com\/de\/wp-json\/wp\/v2\/users\/1"}],"replies":[{"embeddable":true,"href":"https:\/\/www.fasarelettronica.com\/de\/wp-json\/wp\/v2\/comments?post=3540"}],"version-history":[{"count":7,"href":"https:\/\/www.fasarelettronica.com\/de\/wp-json\/wp\/v2\/pages\/3540\/revisions"}],"predecessor-version":[{"id":4085,"href":"https:\/\/www.fasarelettronica.com\/de\/wp-json\/wp\/v2\/pages\/3540\/revisions\/4085"}],"wp:attachment":[{"href":"https:\/\/www.fasarelettronica.com\/de\/wp-json\/wp\/v2\/media?parent=3540"}],"curies":[{"name":"wp","href":"https:\/\/api.w.org\/{rel}","templated":true}]}}