{"id":4005,"date":"2025-07-14T14:08:16","date_gmt":"2025-07-14T12:08:16","guid":{"rendered":"https:\/\/www.fasarelettronica.com\/?page_id=4005"},"modified":"2025-07-14T14:08:16","modified_gmt":"2025-07-14T12:08:16","slug":"ultraschall-wachsysteme","status":"publish","type":"page","link":"https:\/\/www.fasarelettronica.com\/de\/ultraschall-wachsysteme\/","title":{"rendered":"PROFESSIONELLE ULTRASCHALL-WACHSYSTEME"},"content":{"rendered":"<p><div class=\"fusion-fullwidth fullwidth-box fusion-builder-row-1 nonhundred-percent-fullwidth non-hundred-percent-height-scrolling\" style=\"--awb-border-sizes-top:5px;--awb-border-sizes-bottom:0px;--awb-border-sizes-left:0px;--awb-border-sizes-right:0px;--awb-border-radius-top-left:0px;--awb-border-radius-top-right:0px;--awb-border-radius-bottom-right:0px;--awb-border-radius-bottom-left:0px;--awb-flex-wrap:wrap;\" ><div class=\"fusion-builder-row fusion-row\"><div class=\"fusion-layout-column fusion_builder_column fusion-builder-column-0 fusion_builder_column_3_4 3_4 fusion-three-fourth fusion-column-first\" style=\"--awb-padding-top:10px;--awb-bg-size:cover;--awb-border-color:rgba(145,193,67,0.45);--awb-border-top:0;--awb-border-right:0;--awb-border-bottom:0;--awb-border-left:0;--awb-border-style:solid;--awb-margin-top:0px;--awb-margin-bottom:0px;width:75%;width:calc(75% - ( ( 4% ) * 0.75 ) );margin-right: 4%;\"><div class=\"fusion-column-wrapper fusion-column-has-shadow fusion-flex-column-wrapper-legacy\"><div class=\"fusion-title title fusion-title-1 fusion-sep-none fusion-title-text fusion-title-size-one\"><h1 class=\"fusion-title-heading title-heading-left fusion-responsive-typography-calculated\" style=\"margin:0;--fontSize:60;line-height:1.08;\"><h1 style=\"text-align: center;\"><strong>PROFESSIONELLE ULTRASCHALL-WASCHSYSTEME<\/strong><\/h1>\n<h2 style=\"text-align: center;\"><strong>Ultraschallreinigung f\u00fcr Metallfilter<\/strong><\/h2><\/h1><\/div><div class=\"fusion-text fusion-text-1\" style=\"--awb-text-transform:none;\"><p><img decoding=\"async\" class=\"alignnone wp-image-3833 aligncenter\" src=\"https:\/\/www.fasarelettronica.com\/wp-content\/uploads\/2025\/07\/Vasca-300x294.png\" alt=\"\" width=\"336\" height=\"329\" srcset=\"https:\/\/www.fasarelettronica.com\/wp-content\/uploads\/2025\/07\/Vasca-66x66.png 66w, https:\/\/www.fasarelettronica.com\/wp-content\/uploads\/2025\/07\/Vasca-200x196.png 200w, https:\/\/www.fasarelettronica.com\/wp-content\/uploads\/2025\/07\/Vasca-300x294.png 300w, https:\/\/www.fasarelettronica.com\/wp-content\/uploads\/2025\/07\/Vasca-400x392.png 400w, https:\/\/www.fasarelettronica.com\/wp-content\/uploads\/2025\/07\/Vasca.png 433w\" sizes=\"(max-width: 336px) 100vw, 336px\" \/><\/p>\n<p style=\"text-align: justify;\">Der <em><strong>Waschbeh\u00e4lter T-25<\/strong><\/em> reinigt perfekt in Verbindung mit unserem Reinigungsmittelsortiment Metallfilter, die in der professionellen Gastronomie verwendet werden und entfernt Schmutz und Fettr\u00fcckst\u00e4nde:<\/p>\n<ul>\n<li>Hohe Effizienz<\/li>\n<li>Reduzierte Behandlungszeiten<\/li>\n<li>Minimaler Stromverbrauch<\/li>\n<li>\u00d6kologische Nachhaltigkeit<\/li>\n<\/ul>\n<p style=\"text-align: justify;\">Die optimale Kombination der energetischen Kavitationswirkung von Ultraschall, Reinigungsmittel und Temperatur bietet Ergebnisse, die mit herk\u00f6mmlichen Waschsystemen nicht zu erreichen sind.<\/p>\n<p><img decoding=\"async\" class=\"alignnone size-medium wp-image-3837 aligncenter\" src=\"https:\/\/www.fasarelettronica.com\/wp-content\/uploads\/2025\/07\/Filtri-2-300x147.png\" alt=\"\" width=\"300\" height=\"147\" srcset=\"https:\/\/www.fasarelettronica.com\/wp-content\/uploads\/2025\/07\/Filtri-2-200x98.png 200w, https:\/\/www.fasarelettronica.com\/wp-content\/uploads\/2025\/07\/Filtri-2-300x147.png 300w, https:\/\/www.fasarelettronica.com\/wp-content\/uploads\/2025\/07\/Filtri-2-400x197.png 400w, https:\/\/www.fasarelettronica.com\/wp-content\/uploads\/2025\/07\/Filtri-2.png 590w\" sizes=\"(max-width: 300px) 100vw, 300px\" \/><\/p>\n<p style=\"text-align: justify;\">Die Ultraschallkavitation mit angemessener Leistung, die sich in einer Fl\u00fcssigkeit ausbreitet, <strong>ist die einzige M\u00f6glichkeit, die anspruchsvollsten Anforderungen beim Waschen und Reinigen von Metallfiltern zu erf\u00fcllen<\/strong>, d. h. von Gegenst\u00e4nden mit komplexer Form, die mit herk\u00f6mmlichen Mitteln nicht zu reinigen sind.<\/p>\n<p style=\"text-align: justify;\">Die Ultraschallenergie wird von einer Gruppe piezoelektrischer Wandler erzeugt, die elektrische Energie mit entsprechender Leistung und Frequenz in mechanische Schwingungsenergie umwandeln. Dadurch werden Millionen von mikroskopisch kleinen Vakuumblasen erzeugt, die aufgrund der durch den Ultraschall erzeugten Druckschwankungen implodieren und die hartn\u00e4ckigsten Schmutz- und Fettpartikel entfernen.<\/p>\n<p><strong>Technische Eigenschaften<\/strong><\/p>\n<ul>\n<li>Die Maschine ist aus rostfreiem Stahl gefertigt, robust und leicht zu reinigen.<\/li>\n<li>Kapazit\u00e4t: 25-28 Liter.<\/li>\n<li>Au\u00dfenma\u00dfe: (720 x 430 x 330h) mm<\/li>\n<li>Innenabmessung des Tanks: (450 x 350 x 200h) mm<\/li>\n<li>Gewicht (ohne Fl\u00fcssigkeit): ca. 25 Kg<\/li>\n<li>Stromversorgung \u00fcber einphasiges Netz: 230 Vac \u2013 50\/60 Hz<\/li>\n<li>Elektrische Leistung des US-Generators: 700 WRMS\u2006 \u2006 (nom. Wert)<\/li>\n<li>Elektrische Leistung der Fl\u00fcssigkeitsheizung: 900 WRMS\u2006 \u2006 \u2006 (nom. Wert)<\/li>\n<li>Mittenfrequenz des US-Generators (programmierbar): 23.5 kHz \u2013 25.5 kHz<\/li>\n<li>Kontinuierliche Ver\u00e4nderung der US-Leistungsabgabe mit Potentiometer.<\/li>\n<li>Programmierung der Behandlungszeit von 1 bis 60 Minuten.<\/li>\n<li>Messung der Temperatur der Waschfl\u00fcssigkeit in Echtzeit.<\/li>\n<li>Erhitzung der Waschfl\u00fcssigkeit (programmierbar von 20\u00b0C bis 80\u00b0C).<\/li>\n<li>Automatische Betriebsfrequenzmodulation (SWEEP) zur optimalen Verteilung des Ultraschallfeldes in dem Waschtank.<\/li>\n<li>Piezoelektrische Hochleistungswandler Nr. 7: maximale US-Leistungsdichte im Inneren des Waschtanks.<\/li>\n<li>Hintergrundbeleuchtetes LCD-Display f\u00fcr Statusanzeige und Betriebsparameter, Tastatur f\u00fcr Befehle und Parameterprogrammierung.<\/li>\n<li>Hochleistungsf\u00e4higer elektronischer Generator f\u00fcr den intensiven Gebrauch.<\/li>\n<li>Automatisches Zwangsbel\u00fcftungssystem f\u00fcr den US-Generator.<\/li>\n<li>Ablasshahn f\u00fcr Fl\u00fcssigkeiten.<\/li>\n<li>Ablagekorb aus rostfreiem Stahl.<\/li>\n<li>Lieferung eines speziellen Reinigungsmittels f\u00fcr die Reinigung von Metallfiltern in Gro\u00dfk\u00fcchen.<\/li>\n<\/ul>\n<p style=\"text-align: justify;\">Auf Wunsch k\u00f6nnen die T-25-Waschanlagen \u00fcber serielle Befehle (\u00fcber Ethernet-Schnittstelle) gem\u00e4\u00df den Anforderungen von Industrie 4.0 ferngesteuert werden.<\/p>\n<\/div><div class=\"fusion-sep-clear\"><\/div><div class=\"fusion-separator fusion-full-width-sep\" style=\"margin-left: auto;margin-right: auto;margin-top:10px;margin-bottom:10px;width:100%;\"><\/div><div class=\"fusion-sep-clear\"><\/div><div class=\"fusion-text fusion-text-2\"><p style=\"text-align: center;\"><strong>Unsere Werkst\u00e4tten stehen f\u00fcr Tests an den von Ihnen gew\u00fcnschten<\/strong><strong> Ger\u00e4ten zur Verf\u00fcgung: <\/strong><\/p>\n<p style=\"text-align: center;\"><strong>Kontaktieren Sie uns, um eine Vorf\u00fchrung zu vereinbaren!<\/strong><\/p>\n<\/div><div class=\"fusion-text fusion-text-3\"><p style=\"text-align: center;\"><span class=\"HwtZe\" lang=\"de\"><span class=\"jCAhz ChMk0b\"><span class=\"ryNqvb\">F\u00fcr weitere Informationen k\u00f6nnen Sie uns kontaktieren und\/oder die Brosch\u00fcre konsultieren: <\/span><\/span><\/span><\/p>\n<p style=\"text-align: center;\"><a href=\"https:\/\/www.fasarelettronica.com\/pdf\/Ultraschallreinigung_Metallfilter.pdf\" target=\"_blank\" rel=\"noopener noreferrer\"><span class=\"HwtZe\" lang=\"de\"><span class=\"jCAhz ChMk0b\"><span class=\"ryNqvb\">PROFESSIONELLE ULTRASCHALL-WASCHSYSTEME<\/span><\/span><\/span><\/a><\/p>\n<\/div><div class=\"fusion-clearfix\"><\/div><\/div><\/div><div class=\"fusion-layout-column fusion_builder_column fusion-builder-column-1 fusion_builder_column_1_4 1_4 fusion-one-fourth fusion-column-last\" style=\"--awb-padding-top:0px;--awb-padding-right:0px;--awb-padding-bottom:0px;--awb-padding-left:15px;--awb-bg-size:cover;--awb-border-color:#dbdbdb;--awb-border-top:0;--awb-border-right:0;--awb-border-bottom:0;--awb-border-left:2px;--awb-border-style:solid;--awb-margin-top:0px;--awb-margin-bottom:10px;width:25%;width:calc(25% - ( ( 4% ) * 0.25 ) );\"><div class=\"fusion-column-wrapper fusion-column-has-shadow fusion-flex-column-wrapper-legacy\"><div class=\"fusion-text fusion-text-4\"><h4 style=\"text-align: center;\">Fasar Elettronica ist Partner von <a href=\"http:\/\/www.radioastrolab.com\"><img decoding=\"async\" class=\"wp-image-2923 aligncenter\" src=\"https:\/\/www.fasarelettronica.com\/wp-content\/uploads\/2021\/04\/RAL-logo-da-fascia-300x63.png\" alt=\"Ultrasound Laboratory\" width=\"252\" height=\"53\" srcset=\"https:\/\/www.fasarelettronica.com\/wp-content\/uploads\/2021\/04\/RAL-logo-da-fascia-200x42.png 200w, https:\/\/www.fasarelettronica.com\/wp-content\/uploads\/2021\/04\/RAL-logo-da-fascia-300x63.png 300w, https:\/\/www.fasarelettronica.com\/wp-content\/uploads\/2021\/04\/RAL-logo-da-fascia.png 380w\" sizes=\"(max-width: 252px) 100vw, 252px\" \/><\/a><\/h4>\n<\/div><div class=\"fusion-text fusion-text-5\"><p style=\"text-align: center;\">Wir sind spezialisiert in der Herstellung von Ultraschall-Reinigungs- und Waschanlagen und f\u00fcr alle Arten von Metallfiltern im professionellen Gastronomiebereich.<\/p>\n<\/div><div class=\"fusion-text fusion-text-6\"><p style=\"text-align: center;\">Leistung und Effizienz bei der Ultraschallbehandlung mit piezoelektrischen Ger\u00e4ten und erh\u00f6hter Leistung<\/p>\n<\/div><div class=\"fusion-text fusion-text-7\"><p style=\"text-align: center;\">Ein ausgekl\u00fcgeltes elektronisches Kontrollsystem steuert den Betrieb der Maschine: Pr\u00e4zision, Zuverl\u00e4ssigkeit und Robustheit.<\/p>\n<\/div><div class=\"fusion-sep-clear\"><\/div><div class=\"fusion-separator fusion-full-width-sep\" style=\"margin-left: auto;margin-right: auto;margin-top:20px;margin-bottom:1500px;width:100%;\"><\/div><div class=\"fusion-sep-clear\"><\/div><div class=\"fusion-clearfix\"><\/div><\/div><\/div><\/div><\/div><div class=\"fusion-fullwidth fullwidth-box fusion-builder-row-2 fusion-flex-container nonhundred-percent-fullwidth non-hundred-percent-height-scrolling\" style=\"--awb-border-radius-top-left:0px;--awb-border-radius-top-right:0px;--awb-border-radius-bottom-right:0px;--awb-border-radius-bottom-left:0px;--awb-flex-wrap:wrap;\" ><div class=\"fusion-builder-row fusion-row fusion-flex-align-items-flex-start fusion-flex-content-wrap\" style=\"max-width:1144px;margin-left: calc(-4% \/ 2 );margin-right: calc(-4% \/ 2 );\"><div class=\"fusion-layout-column fusion_builder_column fusion-builder-column-2 fusion_builder_column_1_1 1_1 fusion-flex-column\" style=\"--awb-bg-size:cover;--awb-width-large:100%;--awb-margin-top-large:15px;--awb-spacing-right-large:1.92%;--awb-margin-bottom-large:15px;--awb-spacing-left-large:1.92%;--awb-width-medium:100%;--awb-order-medium:0;--awb-spacing-right-medium:1.92%;--awb-spacing-left-medium:1.92%;--awb-width-small:100%;--awb-order-small:0;--awb-spacing-right-small:1.92%;--awb-spacing-left-small:1.92%;\"><div class=\"fusion-column-wrapper fusion-column-has-shadow fusion-flex-justify-content-flex-start fusion-content-layout-column\"><\/div><\/div><\/div><\/div><div class=\"fusion-fullwidth fullwidth-box fusion-builder-row-3 fusion-flex-container nonhundred-percent-fullwidth non-hundred-percent-height-scrolling\" style=\"--awb-border-radius-top-left:0px;--awb-border-radius-top-right:0px;--awb-border-radius-bottom-right:0px;--awb-border-radius-bottom-left:0px;--awb-flex-wrap:wrap;\" ><div class=\"fusion-builder-row fusion-row fusion-flex-align-items-flex-start fusion-flex-content-wrap\" style=\"max-width:1144px;margin-left: calc(-4% \/ 2 );margin-right: calc(-4% \/ 2 );\"><div class=\"fusion-layout-column fusion_builder_column fusion-builder-column-3 fusion_builder_column_1_1 1_1 fusion-flex-column\" style=\"--awb-bg-size:cover;--awb-width-large:100%;--awb-margin-top-large:15px;--awb-spacing-right-large:1.92%;--awb-margin-bottom-large:15px;--awb-spacing-left-large:1.92%;--awb-width-medium:100%;--awb-order-medium:0;--awb-spacing-right-medium:1.92%;--awb-spacing-left-medium:1.92%;--awb-width-small:100%;--awb-order-small:0;--awb-spacing-right-small:1.92%;--awb-spacing-left-small:1.92%;\"><div class=\"fusion-column-wrapper fusion-column-has-shadow fusion-flex-justify-content-flex-start fusion-content-layout-column\"><\/div><\/div><\/div><\/div><div class=\"fusion-fullwidth fullwidth-box fusion-builder-row-4 fusion-flex-container nonhundred-percent-fullwidth non-hundred-percent-height-scrolling\" style=\"--awb-border-radius-top-left:0px;--awb-border-radius-top-right:0px;--awb-border-radius-bottom-right:0px;--awb-border-radius-bottom-left:0px;--awb-flex-wrap:wrap;\" ><div class=\"fusion-builder-row fusion-row fusion-flex-align-items-flex-start fusion-flex-content-wrap\" style=\"max-width:1144px;margin-left: calc(-4% \/ 2 );margin-right: calc(-4% \/ 2 );\"><div class=\"fusion-layout-column fusion_builder_column fusion-builder-column-4 fusion_builder_column_1_1 1_1 fusion-flex-column\" style=\"--awb-bg-size:cover;--awb-width-large:100%;--awb-margin-top-large:15px;--awb-spacing-right-large:1.92%;--awb-margin-bottom-large:15px;--awb-spacing-left-large:1.92%;--awb-width-medium:100%;--awb-order-medium:0;--awb-spacing-right-medium:1.92%;--awb-spacing-left-medium:1.92%;--awb-width-small:100%;--awb-order-small:0;--awb-spacing-right-small:1.92%;--awb-spacing-left-small:1.92%;\"><div class=\"fusion-column-wrapper fusion-column-has-shadow fusion-flex-justify-content-flex-start fusion-content-layout-column\"><\/div><\/div><\/div><\/div><\/p>\n","protected":false},"excerpt":{"rendered":"","protected":false},"author":1,"featured_media":0,"parent":0,"menu_order":0,"comment_status":"closed","ping_status":"closed","template":"100-width.php","meta":{"_monsterinsights_skip_tracking":false,"_monsterinsights_sitenote_active":false,"_monsterinsights_sitenote_note":"","_monsterinsights_sitenote_category":0,"_joinchat":{"telephone":"+393209633835"},"footnotes":""},"class_list":["post-4005","page","type-page","status-publish","hentry"],"yoast_head":"<!-- This site is optimized with the Yoast SEO plugin v26.1.1 - https:\/\/yoast.com\/wordpress\/plugins\/seo\/ -->\n<title>Fasar Elettronica Srl - Steuerungen f\u00fcr Profik\u00fcchen<\/title>\n<meta name=\"description\" content=\"Besuchen Sie die Website und entdecken Sie eine gro\u00dfe Auswahl an Reglern und elektronischen Baugruppen f\u00fcr die K\u00e4ltetechnik sowie die gr\u00f6\u00dfte Auswahl an Einphasenreglern.\" \/>\n<meta name=\"robots\" content=\"index, follow, max-snippet:-1, max-image-preview:large, max-video-preview:-1\" \/>\n<link rel=\"canonical\" href=\"https:\/\/www.fasarelettronica.com\/de\/ultraschall-wachsysteme\/\" \/>\n<meta property=\"og:locale\" content=\"de_DE\" \/>\n<meta property=\"og:type\" content=\"article\" \/>\n<meta property=\"og:title\" content=\"Fasar Elettronica Srl - Steuerungen f\u00fcr Profik\u00fcchen\" \/>\n<meta property=\"og:description\" content=\"Besuchen Sie die Website und entdecken Sie eine gro\u00dfe Auswahl an Reglern und elektronischen Baugruppen f\u00fcr die K\u00e4ltetechnik sowie die gr\u00f6\u00dfte Auswahl an Einphasenreglern.\" \/>\n<meta property=\"og:url\" content=\"https:\/\/www.fasarelettronica.com\/de\/ultraschall-wachsysteme\/\" \/>\n<meta property=\"og:site_name\" content=\"Fasar Elettronica\" \/>\n<meta property=\"og:image\" content=\"https:\/\/www.fasarelettronica.com\/wp-content\/uploads\/2025\/07\/Vasca.png\" \/>\n\t<meta property=\"og:image:width\" content=\"433\" \/>\n\t<meta property=\"og:image:height\" content=\"424\" \/>\n\t<meta property=\"og:image:type\" content=\"image\/png\" \/>\n<meta name=\"twitter:card\" content=\"summary_large_image\" \/>\n<meta name=\"twitter:label1\" content=\"Gesch\u00e4tzte Lesezeit\" \/>\n\t<meta name=\"twitter:data1\" content=\"3\u00a0Minuten\" \/>\n<script type=\"application\/ld+json\" class=\"yoast-schema-graph\">{\"@context\":\"https:\/\/schema.org\",\"@graph\":[{\"@type\":\"WebPage\",\"@id\":\"https:\/\/www.fasarelettronica.com\/de\/ultraschall-wachsysteme\/\",\"url\":\"https:\/\/www.fasarelettronica.com\/de\/ultraschall-wachsysteme\/\",\"name\":\"Fasar Elettronica Srl - Steuerungen f\u00fcr Profik\u00fcchen\",\"isPartOf\":{\"@id\":\"https:\/\/www.fasarelettronica.com\/de\/#website\"},\"primaryImageOfPage\":{\"@id\":\"https:\/\/www.fasarelettronica.com\/de\/ultraschall-wachsysteme\/#primaryimage\"},\"image\":{\"@id\":\"https:\/\/www.fasarelettronica.com\/de\/ultraschall-wachsysteme\/#primaryimage\"},\"thumbnailUrl\":\"https:\/\/www.fasarelettronica.com\/wp-content\/uploads\/2025\/07\/Vasca-300x294.png\",\"datePublished\":\"2025-07-14T12:08:16+00:00\",\"description\":\"Besuchen Sie die Website und entdecken Sie eine gro\u00dfe Auswahl an Reglern und elektronischen Baugruppen f\u00fcr die K\u00e4ltetechnik sowie die gr\u00f6\u00dfte Auswahl an Einphasenreglern.\",\"breadcrumb\":{\"@id\":\"https:\/\/www.fasarelettronica.com\/de\/ultraschall-wachsysteme\/#breadcrumb\"},\"inLanguage\":\"de\",\"potentialAction\":[{\"@type\":\"ReadAction\",\"target\":[\"https:\/\/www.fasarelettronica.com\/de\/ultraschall-wachsysteme\/\"]}]},{\"@type\":\"ImageObject\",\"inLanguage\":\"de\",\"@id\":\"https:\/\/www.fasarelettronica.com\/de\/ultraschall-wachsysteme\/#primaryimage\",\"url\":\"https:\/\/www.fasarelettronica.com\/wp-content\/uploads\/2025\/07\/Vasca-300x294.png\",\"contentUrl\":\"https:\/\/www.fasarelettronica.com\/wp-content\/uploads\/2025\/07\/Vasca-300x294.png\"},{\"@type\":\"BreadcrumbList\",\"@id\":\"https:\/\/www.fasarelettronica.com\/de\/ultraschall-wachsysteme\/#breadcrumb\",\"itemListElement\":[{\"@type\":\"ListItem\",\"position\":1,\"name\":\"Home\",\"item\":\"https:\/\/www.fasarelettronica.com\/de\/\"},{\"@type\":\"ListItem\",\"position\":2,\"name\":\"PROFESSIONELLE ULTRASCHALL-WACHSYSTEME\"}]},{\"@type\":\"WebSite\",\"@id\":\"https:\/\/www.fasarelettronica.com\/de\/#website\",\"url\":\"https:\/\/www.fasarelettronica.com\/de\/\",\"name\":\"Fasar Elettronica\",\"description\":\"Regolatori di velocit\u00e0 e controllori per la refrigerazione\",\"potentialAction\":[{\"@type\":\"SearchAction\",\"target\":{\"@type\":\"EntryPoint\",\"urlTemplate\":\"https:\/\/www.fasarelettronica.com\/de\/?s={search_term_string}\"},\"query-input\":{\"@type\":\"PropertyValueSpecification\",\"valueRequired\":true,\"valueName\":\"search_term_string\"}}],\"inLanguage\":\"de\"}]}<\/script>\n<!-- \/ Yoast SEO plugin. -->","yoast_head_json":{"title":"Fasar Elettronica Srl - Steuerungen f\u00fcr Profik\u00fcchen","description":"Besuchen Sie die Website und entdecken Sie eine gro\u00dfe Auswahl an Reglern und elektronischen Baugruppen f\u00fcr die K\u00e4ltetechnik sowie die gr\u00f6\u00dfte Auswahl an Einphasenreglern.","robots":{"index":"index","follow":"follow","max-snippet":"max-snippet:-1","max-image-preview":"max-image-preview:large","max-video-preview":"max-video-preview:-1"},"canonical":"https:\/\/www.fasarelettronica.com\/de\/ultraschall-wachsysteme\/","og_locale":"de_DE","og_type":"article","og_title":"Fasar Elettronica Srl - Steuerungen f\u00fcr Profik\u00fcchen","og_description":"Besuchen Sie die Website und entdecken Sie eine gro\u00dfe Auswahl an Reglern und elektronischen Baugruppen f\u00fcr die K\u00e4ltetechnik sowie die gr\u00f6\u00dfte Auswahl an Einphasenreglern.","og_url":"https:\/\/www.fasarelettronica.com\/de\/ultraschall-wachsysteme\/","og_site_name":"Fasar Elettronica","og_image":[{"width":433,"height":424,"url":"https:\/\/www.fasarelettronica.com\/wp-content\/uploads\/2025\/07\/Vasca.png","type":"image\/png"}],"twitter_card":"summary_large_image","twitter_misc":{"Gesch\u00e4tzte Lesezeit":"3\u00a0Minuten"},"schema":{"@context":"https:\/\/schema.org","@graph":[{"@type":"WebPage","@id":"https:\/\/www.fasarelettronica.com\/de\/ultraschall-wachsysteme\/","url":"https:\/\/www.fasarelettronica.com\/de\/ultraschall-wachsysteme\/","name":"Fasar Elettronica Srl - Steuerungen f\u00fcr Profik\u00fcchen","isPartOf":{"@id":"https:\/\/www.fasarelettronica.com\/de\/#website"},"primaryImageOfPage":{"@id":"https:\/\/www.fasarelettronica.com\/de\/ultraschall-wachsysteme\/#primaryimage"},"image":{"@id":"https:\/\/www.fasarelettronica.com\/de\/ultraschall-wachsysteme\/#primaryimage"},"thumbnailUrl":"https:\/\/www.fasarelettronica.com\/wp-content\/uploads\/2025\/07\/Vasca-300x294.png","datePublished":"2025-07-14T12:08:16+00:00","description":"Besuchen Sie die Website und entdecken Sie eine gro\u00dfe Auswahl an Reglern und elektronischen Baugruppen f\u00fcr die K\u00e4ltetechnik sowie die gr\u00f6\u00dfte Auswahl an Einphasenreglern.","breadcrumb":{"@id":"https:\/\/www.fasarelettronica.com\/de\/ultraschall-wachsysteme\/#breadcrumb"},"inLanguage":"de","potentialAction":[{"@type":"ReadAction","target":["https:\/\/www.fasarelettronica.com\/de\/ultraschall-wachsysteme\/"]}]},{"@type":"ImageObject","inLanguage":"de","@id":"https:\/\/www.fasarelettronica.com\/de\/ultraschall-wachsysteme\/#primaryimage","url":"https:\/\/www.fasarelettronica.com\/wp-content\/uploads\/2025\/07\/Vasca-300x294.png","contentUrl":"https:\/\/www.fasarelettronica.com\/wp-content\/uploads\/2025\/07\/Vasca-300x294.png"},{"@type":"BreadcrumbList","@id":"https:\/\/www.fasarelettronica.com\/de\/ultraschall-wachsysteme\/#breadcrumb","itemListElement":[{"@type":"ListItem","position":1,"name":"Home","item":"https:\/\/www.fasarelettronica.com\/de\/"},{"@type":"ListItem","position":2,"name":"PROFESSIONELLE ULTRASCHALL-WACHSYSTEME"}]},{"@type":"WebSite","@id":"https:\/\/www.fasarelettronica.com\/de\/#website","url":"https:\/\/www.fasarelettronica.com\/de\/","name":"Fasar Elettronica","description":"Regolatori di velocit\u00e0 e controllori per la refrigerazione","potentialAction":[{"@type":"SearchAction","target":{"@type":"EntryPoint","urlTemplate":"https:\/\/www.fasarelettronica.com\/de\/?s={search_term_string}"},"query-input":{"@type":"PropertyValueSpecification","valueRequired":true,"valueName":"search_term_string"}}],"inLanguage":"de"}]}},"_links":{"self":[{"href":"https:\/\/www.fasarelettronica.com\/de\/wp-json\/wp\/v2\/pages\/4005","targetHints":{"allow":["GET"]}}],"collection":[{"href":"https:\/\/www.fasarelettronica.com\/de\/wp-json\/wp\/v2\/pages"}],"about":[{"href":"https:\/\/www.fasarelettronica.com\/de\/wp-json\/wp\/v2\/types\/page"}],"author":[{"embeddable":true,"href":"https:\/\/www.fasarelettronica.com\/de\/wp-json\/wp\/v2\/users\/1"}],"replies":[{"embeddable":true,"href":"https:\/\/www.fasarelettronica.com\/de\/wp-json\/wp\/v2\/comments?post=4005"}],"version-history":[{"count":9,"href":"https:\/\/www.fasarelettronica.com\/de\/wp-json\/wp\/v2\/pages\/4005\/revisions"}],"predecessor-version":[{"id":4067,"href":"https:\/\/www.fasarelettronica.com\/de\/wp-json\/wp\/v2\/pages\/4005\/revisions\/4067"}],"wp:attachment":[{"href":"https:\/\/www.fasarelettronica.com\/de\/wp-json\/wp\/v2\/media?parent=4005"}],"curies":[{"name":"wp","href":"https:\/\/api.w.org\/{rel}","templated":true}]}}