{"id":2355,"date":"2020-01-29T11:52:45","date_gmt":"2020-01-29T10:52:45","guid":{"rendered":"https:\/\/www.fasarelettronica.com\/contactos\/"},"modified":"2024-07-12T17:02:03","modified_gmt":"2024-07-12T15:02:03","slug":"contactos","status":"publish","type":"page","link":"https:\/\/www.fasarelettronica.com\/es\/contactos\/","title":{"rendered":"Contactos"},"content":{"rendered":"<div class=\"fusion-fullwidth fullwidth-box fusion-builder-row-1 nonhundred-percent-fullwidth non-hundred-percent-height-scrolling\" style=\"--awb-border-radius-top-left:0px;--awb-border-radius-top-right:0px;--awb-border-radius-bottom-right:0px;--awb-border-radius-bottom-left:0px;--awb-flex-wrap:wrap;\" ><div class=\"fusion-builder-row fusion-row\"><div class=\"fusion-layout-column fusion_builder_column fusion-builder-column-0 fusion_builder_column_1_1 1_1 fusion-one-full fusion-column-first fusion-column-last\" style=\"--awb-bg-size:cover;\"><div class=\"fusion-column-wrapper fusion-column-has-shadow fusion-flex-column-wrapper-legacy\"><div class=\"fusion-content-boxes content-boxes columns row fusion-columns-4 fusion-columns-total-4 fusion-content-boxes-1 content-boxes-icon-with-title content-left\" style=\"--awb-title-color:#679938;--awb-hover-accent-color:#8bc34a;--awb-circle-hover-accent-color:#8bc34a;\" data-animationOffset=\"top-into-view\"><div style=\"--awb-backgroundcolor:transparent;\" class=\"fusion-column content-box-column content-box-column content-box-column-1 col-lg-3 col-md-3 col-sm-3 fusion-content-box-hover content-box-column-first-in-row\"><div class=\"col content-box-wrapper content-wrapper link-area-link-icon link-type-text icon-hover-animation-fade\" data-animationOffset=\"top-into-view\"><div class=\"heading icon-left\"><a class=\"heading-link\" style=\"float:left;\" href=\"https:\/\/www.google.com\/maps\/place\/Fasar+Elettronica+S.r.\/@43.7339703,13.1816336,17z\/data=!3m1!4b1!4m5!3m4!1s0x132d7330b9fd726b:0x265133c0342cc5ab!8m2!3d43.7339703!4d13.1838276?hl=it\" target=\"_self\"><h2 class=\"content-box-heading fusion-responsive-typography-calculated\" style=\"--h2_typography-font-size:45px;--fontSize:45;line-height:1.2;\">DONDE ESTAMOS<\/h2><\/a><\/div><div class=\"fusion-clearfix\"><\/div><div class=\"content-container\">\n<p style=\"text-align: left;\">Strada della Marina 9\/6<\/p>\n<p style=\"text-align: left;\">60019 &#8211; Senigallia (AN)<\/p>\n<p style=\"text-align: left;\">ITALY<\/p>\n<\/div><\/div><\/div><div style=\"--awb-backgroundcolor:transparent;\" class=\"fusion-column content-box-column content-box-column content-box-column-2 col-lg-3 col-md-3 col-sm-3 fusion-content-box-hover \"><div class=\"col content-box-wrapper content-wrapper link-area-link-icon icon-hover-animation-fade\" data-animationOffset=\"top-into-view\"><div class=\"heading icon-left\"><h2 class=\"content-box-heading fusion-responsive-typography-calculated\" style=\"--h2_typography-font-size:45px;--fontSize:45;line-height:1.2;\">HORARIOS<\/h2><\/div><div class=\"fusion-clearfix\"><\/div><div class=\"content-container\">\n<p style=\"text-align: left;\">Lunes &#8211; Viernes<\/p>\n<p style=\"text-align: left;\">8.30 &#8211; 12.30<\/p>\n<p style=\"text-align: left;\">14.00 &#8211; 18.00<\/p>\n<\/div><\/div><\/div><div style=\"--awb-backgroundcolor:transparent;\" class=\"fusion-column content-box-column content-box-column content-box-column-3 col-lg-3 col-md-3 col-sm-3 fusion-content-box-hover \"><div class=\"col content-box-wrapper content-wrapper link-area-link-icon icon-hover-animation-fade\" data-animationOffset=\"top-into-view\"><div class=\"heading icon-left\"><h2 class=\"content-box-heading fusion-responsive-typography-calculated\" style=\"--h2_typography-font-size:45px;--fontSize:45;line-height:1.2;\">EMAIL<\/h2><\/div><div class=\"fusion-clearfix\"><\/div><div class=\"content-container\">\n<p style=\"text-align: left;\"><a href=\"mailto:commerciale@fasar.it\">commerciale@fasar.it<\/a><\/p>\n<\/div><\/div><\/div><div style=\"--awb-backgroundcolor:transparent;\" class=\"fusion-column content-box-column content-box-column content-box-column-4 col-lg-3 col-md-3 col-sm-3 fusion-content-box-hover content-box-column-last content-box-column-last-in-row\"><div class=\"col content-box-wrapper content-wrapper link-area-link-icon icon-hover-animation-fade\" data-animationOffset=\"top-into-view\"><div class=\"heading icon-left\"><h2 class=\"content-box-heading fusion-responsive-typography-calculated\" style=\"--h2_typography-font-size:45px;--fontSize:45;line-height:1.2;\">TEL\u00c9FONO<\/h2><\/div><div class=\"fusion-clearfix\"><\/div><div class=\"content-container\">\n<p style=\"text-align: left;\">0039 (0) 71 6609805<\/p>\n<p style=\"text-align: left;\">WhatsApp 320 9633835<\/p>\n<\/div><\/div><\/div><div class=\"fusion-clearfix\"><\/div><\/div><div class=\"fusion-text fusion-text-1\"><p>Solicitudes, dudas, sugerencias? Estamos disponibles!<\/p>\n\n<div class=\"wpcf7 no-js\" id=\"wpcf7-f1641-o1\" lang=\"es-ES\" dir=\"ltr\" data-wpcf7-id=\"1641\">\n<div class=\"screen-reader-response\"><p role=\"status\" aria-live=\"polite\" aria-atomic=\"true\"><\/p> <ul><\/ul><\/div>\n<form action=\"\/es\/wp-json\/wp\/v2\/pages\/2355#wpcf7-f1641-o1\" method=\"post\" class=\"wpcf7-form init\" aria-label=\"Formulario de contacto\" novalidate=\"novalidate\" data-status=\"init\">\n<fieldset class=\"hidden-fields-container\"><input type=\"hidden\" name=\"_wpcf7\" value=\"1641\" \/><input type=\"hidden\" name=\"_wpcf7_version\" value=\"6.1.2\" \/><input type=\"hidden\" name=\"_wpcf7_locale\" value=\"es_ES\" \/><input type=\"hidden\" name=\"_wpcf7_unit_tag\" value=\"wpcf7-f1641-o1\" \/><input type=\"hidden\" name=\"_wpcf7_container_post\" value=\"0\" \/><input type=\"hidden\" name=\"_wpcf7_posted_data_hash\" value=\"\" \/><input type=\"hidden\" name=\"_wpcf7dtx_version\" value=\"5.0.3\" \/><input type=\"hidden\" name=\"_wpcf7_recaptcha_response\" value=\"\" \/>\n<\/fieldset>\n<p><label> Su nombre*<br \/>\n<span class=\"wpcf7-form-control-wrap\" data-name=\"your-name\"><input size=\"40\" maxlength=\"400\" class=\"wpcf7-form-control wpcf7-text wpcf7-validates-as-required\" aria-required=\"true\" aria-invalid=\"false\" value=\"\" type=\"text\" name=\"your-name\" \/><\/span> <\/label>\n<\/p>\n<p><label> Correo electr\u00f3nico*<br \/>\n<span class=\"wpcf7-form-control-wrap\" data-name=\"your-email\"><input size=\"40\" maxlength=\"400\" class=\"wpcf7-form-control wpcf7-email wpcf7-validates-as-required wpcf7-text wpcf7-validates-as-email\" aria-required=\"true\" aria-invalid=\"false\" value=\"\" type=\"email\" name=\"your-email\" \/><\/span> <\/label>\n<\/p>\n<p><label> Objeto<br \/>\n<span class=\"wpcf7-form-control-wrap dynamictext-500\" data-name=\"dynamictext-500\"><input type=\"text\" name=\"dynamictext-500\" class=\"wpcf7-form-control wpcf7-text wpcf7dtx wpcf7dtx-text\" aria-invalid=\"false\" value=\"Contactos\"><\/span><br \/>\n<\/label>\n<\/p>\n<p><label> Su mensaje<br \/>\n<span class=\"wpcf7-form-control-wrap\" data-name=\"your-message\"><textarea cols=\"40\" rows=\"10\" maxlength=\"2000\" class=\"wpcf7-form-control wpcf7-textarea\" aria-invalid=\"false\" name=\"your-message\"><\/textarea><\/span> <\/label>\n<\/p>\n<p><label> Attachments<br \/>\n<span class=\"wpcf7-form-control-wrap\" data-name=\"upload-file-328\"><input size=\"40\" class=\"wpcf7-form-control wpcf7-drag-n-drop-file d-none\" aria-invalid=\"false\" type=\"file\" multiple=\"multiple\" data-name=\"upload-file-328\" data-limit=\"10000000\" data-max=\"5\" data-id=\"1641\" data-version=\"free version 1.3.9.1\" accept=\".\" \/><\/span><br \/>\n<\/label>\n<\/p>\n<p><input class=\"wpcf7-form-control wpcf7-submit has-spinner\" type=\"submit\" value=\"Enviar\" \/>\n<\/p><div class=\"fusion-alert alert custom alert-custom fusion-alert-center wpcf7-response-output awb-alert-native-link-color alert-dismissable awb-alert-close-boxed\" style=\"--awb-border-size:1px;--awb-border-top-left-radius:0px;--awb-border-top-right-radius:0px;--awb-border-bottom-left-radius:0px;--awb-border-bottom-right-radius:0px;\" role=\"alert\"><div class=\"fusion-alert-content-wrapper\"><span class=\"fusion-alert-content\"><\/span><\/div><button type=\"button\" class=\"close toggle-alert\" data-dismiss=\"alert\" aria-label=\"Close\">&times;<\/button><\/div>\n<\/form>\n<\/div>\n\n<\/div><div class=\"fusion-clearfix\"><\/div><\/div><\/div><\/div><\/div>\n","protected":false},"excerpt":{"rendered":"","protected":false},"author":1,"featured_media":0,"parent":0,"menu_order":0,"comment_status":"closed","ping_status":"closed","template":"100-width.php","meta":{"_monsterinsights_skip_tracking":false,"_monsterinsights_sitenote_active":false,"_monsterinsights_sitenote_note":"","_monsterinsights_sitenote_category":0,"_joinchat":{"telephone":"+393209633835"},"footnotes":""},"class_list":["post-2355","page","type-page","status-publish","hentry"],"yoast_head":"<!-- This site is optimized with the Yoast SEO plugin v26.1.1 - https:\/\/yoast.com\/wordpress\/plugins\/seo\/ -->\n<title>Contactos - Fasar Elettronica<\/title>\n<meta name=\"description\" content=\"D\u00f3nde estamos, horarios, tel\u00e9fono, correo electr\u00f3nico: Fasar Elettronica est\u00e1 disponible para solicitudes, dudas, sugerencias sobre controladores para ventilaci\u00f3n y refrigeraci\u00f3n.\" \/>\n<meta name=\"robots\" content=\"index, follow, max-snippet:-1, max-image-preview:large, max-video-preview:-1\" \/>\n<link rel=\"canonical\" href=\"https:\/\/www.fasarelettronica.com\/es\/contactos\/\" \/>\n<meta property=\"og:locale\" content=\"es_ES\" \/>\n<meta property=\"og:type\" content=\"article\" \/>\n<meta property=\"og:title\" content=\"Contactos - Fasar Elettronica\" \/>\n<meta property=\"og:description\" content=\"D\u00f3nde estamos, horarios, tel\u00e9fono, correo electr\u00f3nico: Fasar Elettronica est\u00e1 disponible para solicitudes, dudas, sugerencias sobre controladores para ventilaci\u00f3n y refrigeraci\u00f3n.\" \/>\n<meta property=\"og:url\" content=\"https:\/\/www.fasarelettronica.com\/es\/contactos\/\" \/>\n<meta property=\"og:site_name\" content=\"Fasar Elettronica\" \/>\n<meta property=\"article:modified_time\" content=\"2024-07-12T15:02:03+00:00\" \/>\n<meta name=\"twitter:card\" content=\"summary_large_image\" \/>\n<meta name=\"twitter:label1\" content=\"Tiempo de lectura\" \/>\n\t<meta name=\"twitter:data1\" content=\"1 minuto\" \/>\n<script type=\"application\/ld+json\" class=\"yoast-schema-graph\">{\"@context\":\"https:\/\/schema.org\",\"@graph\":[{\"@type\":\"WebPage\",\"@id\":\"https:\/\/www.fasarelettronica.com\/es\/contactos\/\",\"url\":\"https:\/\/www.fasarelettronica.com\/es\/contactos\/\",\"name\":\"Contactos - Fasar Elettronica\",\"isPartOf\":{\"@id\":\"https:\/\/www.fasarelettronica.com\/es\/#website\"},\"datePublished\":\"2020-01-29T10:52:45+00:00\",\"dateModified\":\"2024-07-12T15:02:03+00:00\",\"description\":\"D\u00f3nde estamos, horarios, tel\u00e9fono, correo electr\u00f3nico: Fasar Elettronica est\u00e1 disponible para solicitudes, dudas, sugerencias sobre controladores para ventilaci\u00f3n y refrigeraci\u00f3n.\",\"breadcrumb\":{\"@id\":\"https:\/\/www.fasarelettronica.com\/es\/contactos\/#breadcrumb\"},\"inLanguage\":\"es\",\"potentialAction\":[{\"@type\":\"ReadAction\",\"target\":[\"https:\/\/www.fasarelettronica.com\/es\/contactos\/\"]}]},{\"@type\":\"BreadcrumbList\",\"@id\":\"https:\/\/www.fasarelettronica.com\/es\/contactos\/#breadcrumb\",\"itemListElement\":[{\"@type\":\"ListItem\",\"position\":1,\"name\":\"Home\",\"item\":\"https:\/\/www.fasarelettronica.com\/es\/\"},{\"@type\":\"ListItem\",\"position\":2,\"name\":\"Contactos\"}]},{\"@type\":\"WebSite\",\"@id\":\"https:\/\/www.fasarelettronica.com\/es\/#website\",\"url\":\"https:\/\/www.fasarelettronica.com\/es\/\",\"name\":\"Fasar Elettronica\",\"description\":\"Regolatori di velocit\u00e0 e controllori per la refrigerazione\",\"potentialAction\":[{\"@type\":\"SearchAction\",\"target\":{\"@type\":\"EntryPoint\",\"urlTemplate\":\"https:\/\/www.fasarelettronica.com\/es\/?s={search_term_string}\"},\"query-input\":{\"@type\":\"PropertyValueSpecification\",\"valueRequired\":true,\"valueName\":\"search_term_string\"}}],\"inLanguage\":\"es\"}]}<\/script>\n<!-- \/ Yoast SEO plugin. -->","yoast_head_json":{"title":"Contactos - Fasar Elettronica","description":"D\u00f3nde estamos, horarios, tel\u00e9fono, correo electr\u00f3nico: Fasar Elettronica est\u00e1 disponible para solicitudes, dudas, sugerencias sobre controladores para ventilaci\u00f3n y refrigeraci\u00f3n.","robots":{"index":"index","follow":"follow","max-snippet":"max-snippet:-1","max-image-preview":"max-image-preview:large","max-video-preview":"max-video-preview:-1"},"canonical":"https:\/\/www.fasarelettronica.com\/es\/contactos\/","og_locale":"es_ES","og_type":"article","og_title":"Contactos - Fasar Elettronica","og_description":"D\u00f3nde estamos, horarios, tel\u00e9fono, correo electr\u00f3nico: Fasar Elettronica est\u00e1 disponible para solicitudes, dudas, sugerencias sobre controladores para ventilaci\u00f3n y refrigeraci\u00f3n.","og_url":"https:\/\/www.fasarelettronica.com\/es\/contactos\/","og_site_name":"Fasar Elettronica","article_modified_time":"2024-07-12T15:02:03+00:00","twitter_card":"summary_large_image","twitter_misc":{"Tiempo de lectura":"1 minuto"},"schema":{"@context":"https:\/\/schema.org","@graph":[{"@type":"WebPage","@id":"https:\/\/www.fasarelettronica.com\/es\/contactos\/","url":"https:\/\/www.fasarelettronica.com\/es\/contactos\/","name":"Contactos - Fasar Elettronica","isPartOf":{"@id":"https:\/\/www.fasarelettronica.com\/es\/#website"},"datePublished":"2020-01-29T10:52:45+00:00","dateModified":"2024-07-12T15:02:03+00:00","description":"D\u00f3nde estamos, horarios, tel\u00e9fono, correo electr\u00f3nico: Fasar Elettronica est\u00e1 disponible para solicitudes, dudas, sugerencias sobre controladores para ventilaci\u00f3n y refrigeraci\u00f3n.","breadcrumb":{"@id":"https:\/\/www.fasarelettronica.com\/es\/contactos\/#breadcrumb"},"inLanguage":"es","potentialAction":[{"@type":"ReadAction","target":["https:\/\/www.fasarelettronica.com\/es\/contactos\/"]}]},{"@type":"BreadcrumbList","@id":"https:\/\/www.fasarelettronica.com\/es\/contactos\/#breadcrumb","itemListElement":[{"@type":"ListItem","position":1,"name":"Home","item":"https:\/\/www.fasarelettronica.com\/es\/"},{"@type":"ListItem","position":2,"name":"Contactos"}]},{"@type":"WebSite","@id":"https:\/\/www.fasarelettronica.com\/es\/#website","url":"https:\/\/www.fasarelettronica.com\/es\/","name":"Fasar Elettronica","description":"Regolatori di velocit\u00e0 e controllori per la refrigerazione","potentialAction":[{"@type":"SearchAction","target":{"@type":"EntryPoint","urlTemplate":"https:\/\/www.fasarelettronica.com\/es\/?s={search_term_string}"},"query-input":{"@type":"PropertyValueSpecification","valueRequired":true,"valueName":"search_term_string"}}],"inLanguage":"es"}]}},"_links":{"self":[{"href":"https:\/\/www.fasarelettronica.com\/es\/wp-json\/wp\/v2\/pages\/2355","targetHints":{"allow":["GET"]}}],"collection":[{"href":"https:\/\/www.fasarelettronica.com\/es\/wp-json\/wp\/v2\/pages"}],"about":[{"href":"https:\/\/www.fasarelettronica.com\/es\/wp-json\/wp\/v2\/types\/page"}],"author":[{"embeddable":true,"href":"https:\/\/www.fasarelettronica.com\/es\/wp-json\/wp\/v2\/users\/1"}],"replies":[{"embeddable":true,"href":"https:\/\/www.fasarelettronica.com\/es\/wp-json\/wp\/v2\/comments?post=2355"}],"version-history":[{"count":6,"href":"https:\/\/www.fasarelettronica.com\/es\/wp-json\/wp\/v2\/pages\/2355\/revisions"}],"predecessor-version":[{"id":3507,"href":"https:\/\/www.fasarelettronica.com\/es\/wp-json\/wp\/v2\/pages\/2355\/revisions\/3507"}],"wp:attachment":[{"href":"https:\/\/www.fasarelettronica.com\/es\/wp-json\/wp\/v2\/media?parent=2355"}],"curies":[{"name":"wp","href":"https:\/\/api.w.org\/{rel}","templated":true}]}}