{"id":3843,"date":"2025-07-10T11:27:36","date_gmt":"2025-07-10T09:27:36","guid":{"rendered":"https:\/\/www.fasarelettronica.com\/?page_id=3843"},"modified":"2025-07-11T13:36:35","modified_gmt":"2025-07-11T11:36:35","slug":"systemes_de_lavage_ultrasons","status":"publish","type":"page","link":"https:\/\/www.fasarelettronica.com\/fr\/systemes_de_lavage_ultrasons\/","title":{"rendered":"SYST\u00c8MES DE LAVAGE PAR ULTRASONS"},"content":{"rendered":"<p><div class=\"fusion-fullwidth fullwidth-box fusion-builder-row-1 nonhundred-percent-fullwidth non-hundred-percent-height-scrolling\" style=\"--awb-border-sizes-top:5px;--awb-border-sizes-bottom:0px;--awb-border-sizes-left:0px;--awb-border-sizes-right:0px;--awb-border-radius-top-left:0px;--awb-border-radius-top-right:0px;--awb-border-radius-bottom-right:0px;--awb-border-radius-bottom-left:0px;--awb-flex-wrap:wrap;\" ><div class=\"fusion-builder-row fusion-row\"><div class=\"fusion-layout-column fusion_builder_column fusion-builder-column-0 fusion_builder_column_3_4 3_4 fusion-three-fourth fusion-column-first\" style=\"--awb-padding-top:10px;--awb-bg-size:cover;--awb-border-color:rgba(145,193,67,0.45);--awb-border-top:0;--awb-border-right:0;--awb-border-bottom:0;--awb-border-left:0;--awb-border-style:solid;--awb-margin-top:0px;--awb-margin-bottom:0px;width:75%;width:calc(75% - ( ( 4% ) * 0.75 ) );margin-right: 4%;\"><div class=\"fusion-column-wrapper fusion-column-has-shadow fusion-flex-column-wrapper-legacy\"><div class=\"fusion-title title fusion-title-1 fusion-sep-none fusion-title-text fusion-title-size-one\"><h1 class=\"fusion-title-heading title-heading-left fusion-responsive-typography-calculated\" style=\"margin:0;--fontSize:60;line-height:1.08;\"><h3><\/h3>\n<h1 style=\"text-align: center;\"><strong>SYST\u00c8MES DE LAVAGE PROFESSIONNELS PAR ULTRASONS<\/strong><\/h1><\/h1><\/div><div class=\"fusion-text fusion-text-1\" style=\"--awb-text-transform:none;\"><p><img decoding=\"async\" class=\"alignnone wp-image-3831 aligncenter\" src=\"https:\/\/www.fasarelettronica.com\/wp-content\/uploads\/2025\/07\/Vasca-300x294.png\" alt=\"\" width=\"329\" height=\"322\" srcset=\"https:\/\/www.fasarelettronica.com\/wp-content\/uploads\/2025\/07\/Vasca-66x66.png 66w, https:\/\/www.fasarelettronica.com\/wp-content\/uploads\/2025\/07\/Vasca-200x196.png 200w, https:\/\/www.fasarelettronica.com\/wp-content\/uploads\/2025\/07\/Vasca-300x294.png 300w, https:\/\/www.fasarelettronica.com\/wp-content\/uploads\/2025\/07\/Vasca-400x392.png 400w, https:\/\/www.fasarelettronica.com\/wp-content\/uploads\/2025\/07\/Vasca.png 433w\" sizes=\"(max-width: 329px) 100vw, 329px\" \/><\/p>\n<p style=\"text-align: justify;\">La <em><strong>cuve T-25<\/strong><\/em>, associ\u00e9 \u00e0 notre gamme de d\u00e9tergents, est l&rsquo;outil parfait qui optimise le processus de <em>nettoyage des filtres m\u00e9talliques utilis\u00e9s dans le secteur de la restauration professionnelle<\/em>, en \u00e9liminant tout r\u00e9sidu de salet\u00e9 et de graisse:<\/p>\n<ul>\n<li>Haute efficacit\u00e9<\/li>\n<li>Des temps de traitement r\u00e9duits<\/li>\n<li>Consommation \u00e9lectrique minimale<\/li>\n<li>Durabilit\u00e9 environnementale<\/li>\n<\/ul>\n<p style=\"text-align: justify;\">Une combinaison optimale de l\u2019action de cavitation \u00e9nerg\u00e9tique des ultrasons, du d\u00e9tergent et de la temp\u00e9rature offre des r\u00e9sultats impossibles \u00e0 obtenir avec les syst\u00e8mes de lavage traditionnels.<\/p>\n<p style=\"text-align: justify;\"><img decoding=\"async\" class=\"size-medium wp-image-3835 aligncenter\" src=\"https:\/\/www.fasarelettronica.com\/wp-content\/uploads\/2025\/07\/Filtri-2-300x147.png\" alt=\"\" width=\"300\" height=\"147\" srcset=\"https:\/\/www.fasarelettronica.com\/wp-content\/uploads\/2025\/07\/Filtri-2-200x98.png 200w, https:\/\/www.fasarelettronica.com\/wp-content\/uploads\/2025\/07\/Filtri-2-300x147.png 300w, https:\/\/www.fasarelettronica.com\/wp-content\/uploads\/2025\/07\/Filtri-2-400x197.png 400w, https:\/\/www.fasarelettronica.com\/wp-content\/uploads\/2025\/07\/Filtri-2.png 590w\" sizes=\"(max-width: 300px) 100vw, 300px\" \/><\/p>\n<p style=\"text-align: justify;\">La puissance ultrasonore est g\u00e9n\u00e9r\u00e9e par un groupe de transducteurs pi\u00e9zo\u00e9lectriques qui, aliment\u00e9s par de l&rsquo;\u00e9nergie \u00e9lectrique de puissance et de fr\u00e9quence appropri\u00e9es, la convertissent en \u00e9nergie m\u00e9canique vibratoire. Cela g\u00e9n\u00e8re des millions de bulles de vide microscopiques qui implosent en raison des variations de pression g\u00e9n\u00e9r\u00e9es par les ultrasons, \u00e9liminant ainsi les particules de salet\u00e9 et de graisse les plus tenaces.<\/p>\n<p><strong>Cuve T-25: <\/strong><strong>Caract\u00e9ristiques techniques<\/strong><\/p>\n<ul>\n<li>Machine en acier inoxydable, robuste et facile \u00e0 nettoyer.<\/li>\n<li>Capacit\u00e9: 25-28 litres.<\/li>\n<li>Dimensions ext\u00e9rieures: (720 x 430 x 330h) mm.<\/li>\n<li>Dimensions internes de la cuve: (450 x 350 x 200h) mm.<\/li>\n<li>Poids (sans liquide): environ 25 kg.<\/li>\n<li>Alimentation monophas\u00e9e: 230 Vac \u2013 50\/60 Hz.<\/li>\n<li>Puissance \u00e9lectrique du g\u00e9n\u00e9rateur US: 700 WRMS (valeur nominale).<\/li>\n<li>Puissance \u00e9lectrique du syst\u00e8me de chauffage de liquide: 900 WRMS (valeur nominale).<\/li>\n<li>Fr\u00e9quence centrale du g\u00e9n\u00e9rateur US (programmable): 23,5 kHz \u2013 25,5 kHz.<\/li>\n<li>Variation continue de la puissance US d\u00e9livr\u00e9e avec potentiom\u00e8tre.<\/li>\n<li>Programmation du temps de traitement de 1 \u00e0 60 minutes.<\/li>\n<li>Mesure en temps r\u00e9el de la temp\u00e9rature du liquide de lavage.<\/li>\n<li>Chauffage du liquide de lavage (programmable de 20\u00b0C \u00e0 80\u00b0C).<\/li>\n<li>Modulation automatique de la fr\u00e9quence de fonctionnement (SWEEP) pour une r\u00e9partition optimale du champ ultrasonore \u00e0 l&rsquo;int\u00e9rieur de la cuve.<\/li>\n<li>7 transducteurs pi\u00e9zo\u00e9lectriques haute performance: densit\u00e9 de puissance US maximale \u00e0 l&rsquo;int\u00e9rieur de la cuve.<\/li>\n<li>\u00c9cran LCD r\u00e9tro\u00e9clair\u00e9 pour visualiser l&rsquo;\u00e9tat et les param\u00e8tres de fonctionnement, clavier pour les commandes et la programmation des param\u00e8tres.<\/li>\n<li>G\u00e9n\u00e9rateur \u00e9lectronique haute performance adapt\u00e9 \u00e0 un usage intensif.<\/li>\n<li>Syst\u00e8me de ventilation forc\u00e9e automatique pour le g\u00e9n\u00e9rateur US.<\/li>\n<li>Robinet de vidange de liquide.<\/li>\n<li>Panier de rangement en acier inoxydable.<\/li>\n<li>Fourniture de d\u00e9tergent sp\u00e9cifique pour le nettoyage des filtres m\u00e9talliques dans les cuisines professionnelles.<\/li>\n<\/ul>\n<p style=\"text-align: justify;\">Sur demande, les syst\u00e8mes de lavage T-25 peuvent \u00eatre contr\u00f4l\u00e9s \u00e0 distance via des commandes s\u00e9rie (via interface Ethernet) conform\u00e9ment aux exigences de l&rsquo;Industrie 4.0.<\/p>\n<\/div><div class=\"fusion-sep-clear\"><\/div><div class=\"fusion-separator fusion-full-width-sep\" style=\"margin-left: auto;margin-right: auto;margin-top:10px;margin-bottom:10px;width:100%;\"><\/div><div class=\"fusion-sep-clear\"><\/div><div class=\"fusion-text fusion-text-2\"><p style=\"text-align: center;\"><strong>Nos laboratoires sont disponibles pour tester les d\u00e9tails qui vous int\u00e9ressent: contactez-nous pour organiser une d\u00e9monstration!<\/strong><\/p>\n<\/div><div class=\"fusion-text fusion-text-3\"><p style=\"text-align: center;\">Pour plus de d\u00e9tails, vous pouvez nous contacter et\/ou consulter la brochure:<\/p>\n<p style=\"text-align: center;\"><a href=\"https:\/\/www.fasarelettronica.com\/pdf\/Cuve_Ultrasons_Nettoyage_Filtres.pdf\" target=\"_blank\" rel=\"noopener noreferrer\">SYST\u00c8MES DE LAVAGE PROFESSIONNELS PAR ULTRASONS<\/a><\/p>\n<\/div><div class=\"fusion-clearfix\"><\/div><\/div><\/div><div class=\"fusion-layout-column fusion_builder_column fusion-builder-column-1 fusion_builder_column_1_4 1_4 fusion-one-fourth fusion-column-last\" style=\"--awb-padding-top:0px;--awb-padding-right:0px;--awb-padding-bottom:0px;--awb-padding-left:15px;--awb-bg-size:cover;--awb-border-color:#d1d1d1;--awb-border-top:0;--awb-border-right:0;--awb-border-bottom:0;--awb-border-left:2px;--awb-border-style:solid;--awb-margin-top:0px;--awb-margin-bottom:10px;width:25%;width:calc(25% - ( ( 4% ) * 0.25 ) );\"><div class=\"fusion-column-wrapper fusion-column-has-shadow fusion-flex-column-wrapper-legacy\"><div class=\"fusion-text fusion-text-4\"><h4 style=\"text-align: center;\">Fasar Elettronica est partner de <a href=\"http:\/\/www.radioastrolab.com\"><img decoding=\"async\" class=\"wp-image-2922 aligncenter\" src=\"https:\/\/www.fasarelettronica.com\/wp-content\/uploads\/2021\/04\/RAL-logo-da-fascia.png\" alt=\"Ultrasound Laboratory\" width=\"228\" height=\"48\" srcset=\"https:\/\/www.fasarelettronica.com\/wp-content\/uploads\/2021\/04\/RAL-logo-da-fascia-200x42.png 200w, https:\/\/www.fasarelettronica.com\/wp-content\/uploads\/2021\/04\/RAL-logo-da-fascia-300x63.png 300w, https:\/\/www.fasarelettronica.com\/wp-content\/uploads\/2021\/04\/RAL-logo-da-fascia.png 380w\" sizes=\"(max-width: 228px) 100vw, 228px\" \/><\/a><\/h4>\n<\/div><div class=\"fusion-text fusion-text-5\"><p style=\"text-align: center;\">Nous sommes sp\u00e9cialis\u00e9s dans la production de syst\u00e8mes de lavage et de nettoyage \u00e0 ultrasons pour tous types de filtres m\u00e9talliques dans le secteur de la restauration professionnelle.<\/p>\n<\/div><div class=\"fusion-text fusion-text-6\"><p style=\"text-align: center;\">Puissance et efficacit\u00e9 du traitement \u00e0 l&rsquo;\u00e9chographie avec des transducteurs pi\u00e9zo\u00e9lectriques \u00e0 haute performance.<\/p>\n<\/div><div class=\"fusion-text fusion-text-7\"><p style=\"text-align: center;\">Un syst\u00e8me de contr\u00f4le \u00e9lectronique sophistiqu\u00e9 g\u00e8re le fonctionnement de la cuve: <em>pr\u00e9cision, fiabilit\u00e9 et robustesse.<\/em><\/p>\n<\/div><div class=\"fusion-sep-clear\"><\/div><div class=\"fusion-separator fusion-full-width-sep\" style=\"margin-left: auto;margin-right: auto;margin-top:20px;margin-bottom:1280px;width:100%;\"><div class=\"fusion-separator-border sep-single sep-solid\" style=\"--awb-height:20px;--awb-amount:20px;border-color:#e0dede;border-top-width:1px;\"><\/div><\/div><div class=\"fusion-sep-clear\"><\/div><div class=\"fusion-clearfix\"><\/div><\/div><\/div><\/div><\/div><div class=\"fusion-fullwidth fullwidth-box fusion-builder-row-2 fusion-flex-container nonhundred-percent-fullwidth non-hundred-percent-height-scrolling\" style=\"--awb-border-radius-top-left:0px;--awb-border-radius-top-right:0px;--awb-border-radius-bottom-right:0px;--awb-border-radius-bottom-left:0px;--awb-flex-wrap:wrap;\" ><div class=\"fusion-builder-row fusion-row fusion-flex-align-items-flex-start fusion-flex-content-wrap\" style=\"max-width:1144px;margin-left: calc(-4% \/ 2 );margin-right: calc(-4% \/ 2 );\"><div class=\"fusion-layout-column fusion_builder_column fusion-builder-column-2 fusion_builder_column_1_1 1_1 fusion-flex-column\" style=\"--awb-bg-size:cover;--awb-width-large:100%;--awb-margin-top-large:15px;--awb-spacing-right-large:1.92%;--awb-margin-bottom-large:15px;--awb-spacing-left-large:1.92%;--awb-width-medium:100%;--awb-order-medium:0;--awb-spacing-right-medium:1.92%;--awb-spacing-left-medium:1.92%;--awb-width-small:100%;--awb-order-small:0;--awb-spacing-right-small:1.92%;--awb-spacing-left-small:1.92%;\"><div class=\"fusion-column-wrapper fusion-column-has-shadow fusion-flex-justify-content-flex-start fusion-content-layout-column\"><\/div><\/div><\/div><\/div><div class=\"fusion-fullwidth fullwidth-box fusion-builder-row-3 fusion-flex-container nonhundred-percent-fullwidth non-hundred-percent-height-scrolling\" style=\"--awb-border-radius-top-left:0px;--awb-border-radius-top-right:0px;--awb-border-radius-bottom-right:0px;--awb-border-radius-bottom-left:0px;--awb-flex-wrap:wrap;\" ><div class=\"fusion-builder-row fusion-row fusion-flex-align-items-flex-start fusion-flex-content-wrap\" style=\"max-width:1144px;margin-left: calc(-4% \/ 2 );margin-right: calc(-4% \/ 2 );\"><div class=\"fusion-layout-column fusion_builder_column fusion-builder-column-3 fusion_builder_column_1_1 1_1 fusion-flex-column\" style=\"--awb-bg-size:cover;--awb-width-large:100%;--awb-margin-top-large:15px;--awb-spacing-right-large:1.92%;--awb-margin-bottom-large:15px;--awb-spacing-left-large:1.92%;--awb-width-medium:100%;--awb-order-medium:0;--awb-spacing-right-medium:1.92%;--awb-spacing-left-medium:1.92%;--awb-width-small:100%;--awb-order-small:0;--awb-spacing-right-small:1.92%;--awb-spacing-left-small:1.92%;\"><div class=\"fusion-column-wrapper fusion-column-has-shadow fusion-flex-justify-content-flex-start fusion-content-layout-column\"><\/div><\/div><\/div><\/div><div class=\"fusion-fullwidth fullwidth-box fusion-builder-row-4 fusion-flex-container nonhundred-percent-fullwidth non-hundred-percent-height-scrolling\" style=\"--awb-border-radius-top-left:0px;--awb-border-radius-top-right:0px;--awb-border-radius-bottom-right:0px;--awb-border-radius-bottom-left:0px;--awb-flex-wrap:wrap;\" ><div class=\"fusion-builder-row fusion-row fusion-flex-align-items-flex-start fusion-flex-content-wrap\" style=\"max-width:1144px;margin-left: calc(-4% \/ 2 );margin-right: calc(-4% \/ 2 );\"><div class=\"fusion-layout-column fusion_builder_column fusion-builder-column-4 fusion_builder_column_1_1 1_1 fusion-flex-column\" style=\"--awb-bg-size:cover;--awb-width-large:100%;--awb-margin-top-large:15px;--awb-spacing-right-large:1.92%;--awb-margin-bottom-large:15px;--awb-spacing-left-large:1.92%;--awb-width-medium:100%;--awb-order-medium:0;--awb-spacing-right-medium:1.92%;--awb-spacing-left-medium:1.92%;--awb-width-small:100%;--awb-order-small:0;--awb-spacing-right-small:1.92%;--awb-spacing-left-small:1.92%;\"><div class=\"fusion-column-wrapper fusion-column-has-shadow fusion-flex-justify-content-flex-start fusion-content-layout-column\"><\/div><\/div><\/div><\/div><\/p>\n","protected":false},"excerpt":{"rendered":"","protected":false},"author":1,"featured_media":0,"parent":0,"menu_order":0,"comment_status":"closed","ping_status":"closed","template":"100-width.php","meta":{"_monsterinsights_skip_tracking":false,"_monsterinsights_sitenote_active":false,"_monsterinsights_sitenote_note":"","_monsterinsights_sitenote_category":0,"_joinchat":{"telephone":"+393209633835"},"footnotes":""},"class_list":["post-3843","page","type-page","status-publish","hentry"],"yoast_head":"<!-- This site is optimized with the Yoast SEO plugin v26.1.1 - https:\/\/yoast.com\/wordpress\/plugins\/seo\/ -->\n<title>Fasar Elettronica Srl - Contr\u00f4leurs pour cuisines professionnelles<\/title>\n<meta name=\"description\" content=\"Entrez sur le site pour d\u00e9couvrir un large choix de contr\u00f4leurs et de cartes \u00e9lectroniques pour la r\u00e9frig\u00e9ration et la plus large gamme de contr\u00f4leurs monophas\u00e9s.\" \/>\n<meta name=\"robots\" content=\"index, follow, max-snippet:-1, max-image-preview:large, max-video-preview:-1\" \/>\n<link rel=\"canonical\" href=\"https:\/\/www.fasarelettronica.com\/fr\/systemes_de_lavage_ultrasons\/\" \/>\n<meta property=\"og:locale\" content=\"fr_FR\" \/>\n<meta property=\"og:type\" content=\"article\" \/>\n<meta property=\"og:title\" content=\"Fasar Elettronica Srl - Contr\u00f4leurs pour cuisines professionnelles\" \/>\n<meta property=\"og:description\" content=\"Entrez sur le site pour d\u00e9couvrir un large choix de contr\u00f4leurs et de cartes \u00e9lectroniques pour la r\u00e9frig\u00e9ration et la plus large gamme de contr\u00f4leurs monophas\u00e9s.\" \/>\n<meta property=\"og:url\" content=\"https:\/\/www.fasarelettronica.com\/fr\/systemes_de_lavage_ultrasons\/\" \/>\n<meta property=\"og:site_name\" content=\"Fasar Elettronica\" \/>\n<meta property=\"article:modified_time\" content=\"2025-07-11T11:36:35+00:00\" \/>\n<meta property=\"og:image\" content=\"https:\/\/www.fasarelettronica.com\/wp-content\/uploads\/2025\/07\/Vasca.png\" \/>\n\t<meta property=\"og:image:width\" content=\"433\" \/>\n\t<meta property=\"og:image:height\" content=\"424\" \/>\n\t<meta property=\"og:image:type\" content=\"image\/png\" \/>\n<meta name=\"twitter:card\" content=\"summary_large_image\" \/>\n<meta name=\"twitter:label1\" content=\"Dur\u00e9e de lecture estim\u00e9e\" \/>\n\t<meta name=\"twitter:data1\" content=\"3 minutes\" \/>\n<script type=\"application\/ld+json\" class=\"yoast-schema-graph\">{\"@context\":\"https:\/\/schema.org\",\"@graph\":[{\"@type\":\"WebPage\",\"@id\":\"https:\/\/www.fasarelettronica.com\/fr\/systemes_de_lavage_ultrasons\/\",\"url\":\"https:\/\/www.fasarelettronica.com\/fr\/systemes_de_lavage_ultrasons\/\",\"name\":\"Fasar Elettronica Srl - Contr\u00f4leurs pour cuisines professionnelles\",\"isPartOf\":{\"@id\":\"https:\/\/www.fasarelettronica.com\/fr\/#website\"},\"primaryImageOfPage\":{\"@id\":\"https:\/\/www.fasarelettronica.com\/fr\/systemes_de_lavage_ultrasons\/#primaryimage\"},\"image\":{\"@id\":\"https:\/\/www.fasarelettronica.com\/fr\/systemes_de_lavage_ultrasons\/#primaryimage\"},\"thumbnailUrl\":\"https:\/\/www.fasarelettronica.com\/wp-content\/uploads\/2025\/07\/Vasca-300x294.png\",\"datePublished\":\"2025-07-10T09:27:36+00:00\",\"dateModified\":\"2025-07-11T11:36:35+00:00\",\"description\":\"Entrez sur le site pour d\u00e9couvrir un large choix de contr\u00f4leurs et de cartes \u00e9lectroniques pour la r\u00e9frig\u00e9ration et la plus large gamme de contr\u00f4leurs monophas\u00e9s.\",\"breadcrumb\":{\"@id\":\"https:\/\/www.fasarelettronica.com\/fr\/systemes_de_lavage_ultrasons\/#breadcrumb\"},\"inLanguage\":\"fr-FR\",\"potentialAction\":[{\"@type\":\"ReadAction\",\"target\":[\"https:\/\/www.fasarelettronica.com\/fr\/systemes_de_lavage_ultrasons\/\"]}]},{\"@type\":\"ImageObject\",\"inLanguage\":\"fr-FR\",\"@id\":\"https:\/\/www.fasarelettronica.com\/fr\/systemes_de_lavage_ultrasons\/#primaryimage\",\"url\":\"https:\/\/www.fasarelettronica.com\/wp-content\/uploads\/2025\/07\/Vasca-300x294.png\",\"contentUrl\":\"https:\/\/www.fasarelettronica.com\/wp-content\/uploads\/2025\/07\/Vasca-300x294.png\"},{\"@type\":\"BreadcrumbList\",\"@id\":\"https:\/\/www.fasarelettronica.com\/fr\/systemes_de_lavage_ultrasons\/#breadcrumb\",\"itemListElement\":[{\"@type\":\"ListItem\",\"position\":1,\"name\":\"Home\",\"item\":\"https:\/\/www.fasarelettronica.com\/fr\/\"},{\"@type\":\"ListItem\",\"position\":2,\"name\":\"SYST\u00c8MES DE LAVAGE PAR ULTRASONS\"}]},{\"@type\":\"WebSite\",\"@id\":\"https:\/\/www.fasarelettronica.com\/fr\/#website\",\"url\":\"https:\/\/www.fasarelettronica.com\/fr\/\",\"name\":\"Fasar Elettronica\",\"description\":\"Regolatori di velocit\u00e0 e controllori per la refrigerazione\",\"potentialAction\":[{\"@type\":\"SearchAction\",\"target\":{\"@type\":\"EntryPoint\",\"urlTemplate\":\"https:\/\/www.fasarelettronica.com\/fr\/?s={search_term_string}\"},\"query-input\":{\"@type\":\"PropertyValueSpecification\",\"valueRequired\":true,\"valueName\":\"search_term_string\"}}],\"inLanguage\":\"fr-FR\"}]}<\/script>\n<!-- \/ Yoast SEO plugin. -->","yoast_head_json":{"title":"Fasar Elettronica Srl - Contr\u00f4leurs pour cuisines professionnelles","description":"Entrez sur le site pour d\u00e9couvrir un large choix de contr\u00f4leurs et de cartes \u00e9lectroniques pour la r\u00e9frig\u00e9ration et la plus large gamme de contr\u00f4leurs monophas\u00e9s.","robots":{"index":"index","follow":"follow","max-snippet":"max-snippet:-1","max-image-preview":"max-image-preview:large","max-video-preview":"max-video-preview:-1"},"canonical":"https:\/\/www.fasarelettronica.com\/fr\/systemes_de_lavage_ultrasons\/","og_locale":"fr_FR","og_type":"article","og_title":"Fasar Elettronica Srl - Contr\u00f4leurs pour cuisines professionnelles","og_description":"Entrez sur le site pour d\u00e9couvrir un large choix de contr\u00f4leurs et de cartes \u00e9lectroniques pour la r\u00e9frig\u00e9ration et la plus large gamme de contr\u00f4leurs monophas\u00e9s.","og_url":"https:\/\/www.fasarelettronica.com\/fr\/systemes_de_lavage_ultrasons\/","og_site_name":"Fasar Elettronica","article_modified_time":"2025-07-11T11:36:35+00:00","og_image":[{"width":433,"height":424,"url":"https:\/\/www.fasarelettronica.com\/wp-content\/uploads\/2025\/07\/Vasca.png","type":"image\/png"}],"twitter_card":"summary_large_image","twitter_misc":{"Dur\u00e9e de lecture estim\u00e9e":"3 minutes"},"schema":{"@context":"https:\/\/schema.org","@graph":[{"@type":"WebPage","@id":"https:\/\/www.fasarelettronica.com\/fr\/systemes_de_lavage_ultrasons\/","url":"https:\/\/www.fasarelettronica.com\/fr\/systemes_de_lavage_ultrasons\/","name":"Fasar Elettronica Srl - Contr\u00f4leurs pour cuisines professionnelles","isPartOf":{"@id":"https:\/\/www.fasarelettronica.com\/fr\/#website"},"primaryImageOfPage":{"@id":"https:\/\/www.fasarelettronica.com\/fr\/systemes_de_lavage_ultrasons\/#primaryimage"},"image":{"@id":"https:\/\/www.fasarelettronica.com\/fr\/systemes_de_lavage_ultrasons\/#primaryimage"},"thumbnailUrl":"https:\/\/www.fasarelettronica.com\/wp-content\/uploads\/2025\/07\/Vasca-300x294.png","datePublished":"2025-07-10T09:27:36+00:00","dateModified":"2025-07-11T11:36:35+00:00","description":"Entrez sur le site pour d\u00e9couvrir un large choix de contr\u00f4leurs et de cartes \u00e9lectroniques pour la r\u00e9frig\u00e9ration et la plus large gamme de contr\u00f4leurs monophas\u00e9s.","breadcrumb":{"@id":"https:\/\/www.fasarelettronica.com\/fr\/systemes_de_lavage_ultrasons\/#breadcrumb"},"inLanguage":"fr-FR","potentialAction":[{"@type":"ReadAction","target":["https:\/\/www.fasarelettronica.com\/fr\/systemes_de_lavage_ultrasons\/"]}]},{"@type":"ImageObject","inLanguage":"fr-FR","@id":"https:\/\/www.fasarelettronica.com\/fr\/systemes_de_lavage_ultrasons\/#primaryimage","url":"https:\/\/www.fasarelettronica.com\/wp-content\/uploads\/2025\/07\/Vasca-300x294.png","contentUrl":"https:\/\/www.fasarelettronica.com\/wp-content\/uploads\/2025\/07\/Vasca-300x294.png"},{"@type":"BreadcrumbList","@id":"https:\/\/www.fasarelettronica.com\/fr\/systemes_de_lavage_ultrasons\/#breadcrumb","itemListElement":[{"@type":"ListItem","position":1,"name":"Home","item":"https:\/\/www.fasarelettronica.com\/fr\/"},{"@type":"ListItem","position":2,"name":"SYST\u00c8MES DE LAVAGE PAR ULTRASONS"}]},{"@type":"WebSite","@id":"https:\/\/www.fasarelettronica.com\/fr\/#website","url":"https:\/\/www.fasarelettronica.com\/fr\/","name":"Fasar Elettronica","description":"Regolatori di velocit\u00e0 e controllori per la refrigerazione","potentialAction":[{"@type":"SearchAction","target":{"@type":"EntryPoint","urlTemplate":"https:\/\/www.fasarelettronica.com\/fr\/?s={search_term_string}"},"query-input":{"@type":"PropertyValueSpecification","valueRequired":true,"valueName":"search_term_string"}}],"inLanguage":"fr-FR"}]}},"_links":{"self":[{"href":"https:\/\/www.fasarelettronica.com\/fr\/wp-json\/wp\/v2\/pages\/3843","targetHints":{"allow":["GET"]}}],"collection":[{"href":"https:\/\/www.fasarelettronica.com\/fr\/wp-json\/wp\/v2\/pages"}],"about":[{"href":"https:\/\/www.fasarelettronica.com\/fr\/wp-json\/wp\/v2\/types\/page"}],"author":[{"embeddable":true,"href":"https:\/\/www.fasarelettronica.com\/fr\/wp-json\/wp\/v2\/users\/1"}],"replies":[{"embeddable":true,"href":"https:\/\/www.fasarelettronica.com\/fr\/wp-json\/wp\/v2\/comments?post=3843"}],"version-history":[{"count":20,"href":"https:\/\/www.fasarelettronica.com\/fr\/wp-json\/wp\/v2\/pages\/3843\/revisions"}],"predecessor-version":[{"id":3967,"href":"https:\/\/www.fasarelettronica.com\/fr\/wp-json\/wp\/v2\/pages\/3843\/revisions\/3967"}],"wp:attachment":[{"href":"https:\/\/www.fasarelettronica.com\/fr\/wp-json\/wp\/v2\/media?parent=3843"}],"curies":[{"name":"wp","href":"https:\/\/api.w.org\/{rel}","templated":true}]}}